{"id":1273,"date":"2025-04-22T20:11:35","date_gmt":"2025-04-22T20:11:35","guid":{"rendered":"https:\/\/medicaloutfitters.com\/politica-de-privacidad\/"},"modified":"2025-09-24T20:36:22","modified_gmt":"2025-09-24T20:36:22","slug":"politica-de-privacidad","status":"publish","type":"page","link":"https:\/\/medicaloutfitters.com\/es\/politica-de-privacidad\/","title":{"rendered":"POL\u00cdTICA DE PRIVACIDAD"},"content":{"rendered":"\n<h4 class=\"wp-block-heading\">SECCI\u00d3N 1 \u2013 \u00bfQU\u00c9 HACEMOS CON SU INFORMACI\u00d3N?<\/h4>\n\n<p>Cuando compra algo de Medical Outfitters, como parte del proceso de compra y venta, recopilamos la informaci\u00f3n personal que nos proporciona, como su nombre, direcci\u00f3n y direcci\u00f3n de correo electr\u00f3nico. Cuando navega por nuestra tienda, tambi\u00e9n recibimos autom\u00e1ticamente la direcci\u00f3n de protocolo de Internet (IP) de su computadora para proporcionarnos informaci\u00f3n que nos ayude a conocer su navegador y sistema operativo. <\/p>\n\n<p>Con su permiso, podemos enviarle correos electr\u00f3nicos sobre nuestros equipos, servicios, nuevos productos y otras actualizaciones.<\/p>\n\n<h4 class=\"wp-block-heading\">SECCI\u00d3N 2 \u2013 CONSENTIMIENTO<\/h4>\n\n<p><strong>\u00bfC\u00f3mo obtienen mi consentimiento?<\/strong><br\/>Cuando nos proporciona informaci\u00f3n personal para completar una transacci\u00f3n, verificar su tarjeta de cr\u00e9dito, realizar un pedido, organizar una entrega o devolver una compra, implicamos que acepta que la recopilemos y la usemos solo por esa raz\u00f3n espec\u00edfica.<\/p>\n\n<p>Si solicitamos su informaci\u00f3n personal por una raz\u00f3n secundaria, como marketing, le pediremos directamente su consentimiento expreso o le brindaremos la oportunidad de decir que no.<\/p>\n\n<p><strong>\u00bfC\u00f3mo retiro mi consentimiento?<\/strong><br\/>Si despu\u00e9s de optar por participar, cambia de opini\u00f3n, puede retirar su consentimiento para que nos comuniquemos con usted, para la recopilaci\u00f3n, uso o divulgaci\u00f3n continua de su informaci\u00f3n, en cualquier momento, poni\u00e9ndose en contacto con nosotros en <a href=\"mailto:info@medicaloutfitter.net\">info@medicaloutfitter.net<\/a> o envi\u00e1ndonos un correo a: Medical Outfitters 8062 NW. 66 St. Miami FL Estados Unidos 33141 <\/p>\n\n<h4 class=\"wp-block-heading\">SECCI\u00d3N 3 \u2013 DIVULGACI\u00d3N<\/h4>\n\n<p>Podemos divulgar su informaci\u00f3n personal si estamos obligados por ley a hacerlo o si usted viola nuestros T\u00e9rminos de servicio.<\/p>\n\n<h4 class=\"wp-block-heading\">SECCI\u00d3N 4 \u2013 PAGOS<\/h4>\n\n<p>Si elige una pasarela de pago directo para completar su compra, solo el procesador \/ pasarela de pago almacena los datos de su tarjeta de cr\u00e9dito. Est\u00e1 encriptado a trav\u00e9s del Est\u00e1ndar de Seguridad de Datos de la Industria de Tarjetas de Pago (PCI-DSS). Los datos de su transacci\u00f3n de compra se almacenan solo durante el tiempo que sea necesario para completar su transacci\u00f3n de compra. Una vez completado, se elimina la informaci\u00f3n de la transacci\u00f3n de compra.   <\/p>\n\n<p>Todas las pasarelas de pago directo se adhieren a los est\u00e1ndares establecidos por PCI-DSS administrados por el PCI Security Standards Council, que es un esfuerzo conjunto de marcas como Visa, MasterCard, American Express y Discover.<\/p>\n\n<p>Los requisitos de PCI-DSS ayudan a garantizar el manejo seguro de la informaci\u00f3n de la tarjeta de cr\u00e9dito por parte de nuestra tienda y sus proveedores de servicios.<\/p>\n\n<h4 class=\"wp-block-heading\">SECCI\u00d3N 5 \u2013 SERVICIOS DE TERCEROS<\/h4>\n\n<p>En general, los proveedores externos utilizados por nosotros solo recopilar\u00e1n, usar\u00e1n y divulgar\u00e1n su informaci\u00f3n en la medida necesaria para permitirles realizar los servicios que nos brindan.<\/p>\n\n<p>Sin embargo, ciertos proveedores de servicios externos, como pasarelas de pago y otros procesadores de transacciones de pago, tienen sus propias pol\u00edticas de privacidad con respecto a la informaci\u00f3n que debemos proporcionarles para sus transacciones relacionadas con la compra. Para estos proveedores, le recomendamos que lea sus pol\u00edticas de privacidad para que pueda comprender la manera en que estos proveedores manejar\u00e1n su informaci\u00f3n personal. <\/p>\n\n<p>En particular, recuerde que ciertos proveedores pueden estar ubicados o tener instalaciones que se encuentran en una jurisdicci\u00f3n diferente a la suya o nuestra. Por lo tanto, si elige proceder con una transacci\u00f3n que involucra los servicios de un proveedor de servicios externo, su informaci\u00f3n puede estar sujeta a las leyes de la jurisdicci\u00f3n(es) en la que se encuentra(n) ese proveedor de servicios o sus instalaciones. <\/p>\n\n<p>Por ejemplo, si se encuentra en Canad\u00e1 y su transacci\u00f3n es procesada por una pasarela de pago ubicada en los Estados Unidos, su informaci\u00f3n personal utilizada para completar esa transacci\u00f3n puede estar sujeta a divulgaci\u00f3n bajo la legislaci\u00f3n de los Estados Unidos, incluida la Patriot Act.<\/p>\n\n<p>Una vez que abandona el sitio web de nuestra tienda o es redirigido a un sitio web o aplicaci\u00f3n de terceros, ya no se rige por esta Pol\u00edtica de privacidad ni por los T\u00e9rminos de servicio de nuestro sitio web.<\/p>\n\n<p><strong>REMARKETING<\/strong><\/p>\n\n<p>Medical Outfitters tambi\u00e9n utiliza cookies de seguimiento de remarketing de proveedores de 3 \u00aa parte, incluidas las cookies de seguimiento de Google Adwords, Facebook y Twitter. Esto significa que continuaremos mostr\u00e1ndole anuncios a trav\u00e9s de Internet, espec\u00edficamente en Google Content Network (GCN). Como siempre, respetamos su privacidad y no estamos recopilando ninguna informaci\u00f3n identificable mediante el uso de Google o cualquier otro sistema de remarketing de 3\u00aa parte.  <\/p>\n\n<p>Los proveedores externos, incluido Google, cuyos servicios utilizamos, colocar\u00e1n cookies en los navegadores web para publicar anuncios basados en visitas anteriores a nuestro sitio web. \u2013 Los proveedores externos, incluido Google, utilizan cookies para publicar anuncios basados en las visitas anteriores de un usuario a su sitio web. Esto nos permite hacer ofertas especiales y continuar comercializando nuestros servicios a aquellos que han mostrado inter\u00e9s en nuestro servicio. Perfect Audience proporciona una manera f\u00e1cil de permitir que los usuarios opten por no participar en su p\u00e1gina de exclusi\u00f3n.   <\/p>\n\n<p><strong>DOUBLECLICK<\/strong><\/p>\n\n<p>Utilizamos c\u00f3digos de remarketing de Google Analytics para registrar cuando los usuarios ven p\u00e1ginas espec\u00edficas o realizan acciones espec\u00edficas en un sitio web. Esto nos permite proporcionar publicidad dirigida en el futuro. Si no desea recibir este tipo de publicidad de nosotros en el futuro, puede optar por no participar utilizando la p\u00e1gina de exclusi\u00f3n de DoubleClick o la p\u00e1gina de exclusi\u00f3n de Network Advertising Initiative.  <\/p>\n\n<h4 class=\"wp-block-heading\">SECCI\u00d3N 6 \u2013 SEGURIDAD<\/h4>\n\n<p>Para proteger su informaci\u00f3n personal, tomamos precauciones razonables y seguimos las mejores pr\u00e1cticas de la industria para asegurarnos de que no se pierda, use indebidamente, acceda, divulgue, altere o destruya de manera inapropiada.<\/p>\n\n<p>Si nos proporciona la informaci\u00f3n de su tarjeta de cr\u00e9dito, la informaci\u00f3n se cifra utilizando la tecnolog\u00eda Secure Socket Layer (SSL) y se almacena con un cifrado AES-256. Aunque ning\u00fan m\u00e9todo de transmisi\u00f3n a trav\u00e9s de Internet o almacenamiento electr\u00f3nico es 100% seguro, seguimos todos los requisitos de PCI-DSS e implementamos est\u00e1ndares adicionales de la industria generalmente aceptados. <\/p>\n\n<h4 class=\"wp-block-heading\">SECCI\u00d3N 7 \u2013 EDAD DE CONSENTIMIENTO<\/h4>\n\n<p>Al usar este sitio, usted declara que tiene al menos la mayor\u00eda de edad en su estado o provincia de residencia, o que tiene la mayor\u00eda de edad en su estado o provincia de residencia y nos ha dado su consentimiento para permitir que cualquiera de sus dependientes menores use este sitio.<\/p>\n\n<h4 class=\"wp-block-heading\">SECCI\u00d3N 8 \u2013 CAMBIOS A ESTA POL\u00cdTICA DE PRIVACIDAD<\/h4>\n\n<p>Nos reservamos el derecho de modificar esta pol\u00edtica de privacidad en cualquier momento, as\u00ed que por favor rev\u00edsela con frecuencia. Los cambios y aclaraciones entrar\u00e1n en vigor inmediatamente despu\u00e9s de su publicaci\u00f3n en el sitio web. Si realizamos cambios materiales en esta pol\u00edtica, le notificaremos aqu\u00ed que se ha actualizado, para que sepa qu\u00e9 informaci\u00f3n recopilamos, c\u00f3mo la usamos y bajo qu\u00e9 circunstancias, si corresponde, la usamos y \/ o divulgamos.  <\/p>\n\n<p>Si nuestra tienda es adquirida o fusionada con otra compa\u00f1\u00eda, su informaci\u00f3n puede ser transferida a los nuevos propietarios para que podamos continuar vendi\u00e9ndole productos.<\/p>\n\n<h4 class=\"wp-block-heading\">PREGUNTAS E INFORMACI\u00d3N DE CONTACTO<\/h4>\n\n<p>Si desea: acceder, corregir, modificar o eliminar cualquier informaci\u00f3n personal que tengamos sobre usted, registrar una queja o simplemente desea obtener m\u00e1s informaci\u00f3n, comun\u00edquese con nuestro Oficial de Cumplimiento de Privacidad en <a href=\"mailto:info@medicaloutfitter.net\">info@medicaloutfitter.net<\/a> o por correo a Medical Outfitters 8062 NW. 66 St. Miami FL Estados Unidos 33141. <\/p>\n","protected":false},"excerpt":{"rendered":"<p>SECCI\u00d3N 1 \u2013 \u00bfQU\u00c9 HACEMOS CON SU INFORMACI\u00d3N? Cuando compra algo de Medical Outfitters, como parte del proceso de compra y venta, recopilamos la informaci\u00f3n personal que nos proporciona, como su nombre, direcci\u00f3n y direcci\u00f3n de correo electr\u00f3nico. Cuando navega por nuestra tienda, tambi\u00e9n recibimos autom\u00e1ticamente la direcci\u00f3n de protocolo de Internet (IP) de su<a href=\"https:\/\/medicaloutfitters.com\/es\/politica-de-privacidad\/\">Continue reading <span class=\"sr-only\">\u00abPOL\u00cdTICA DE PRIVACIDAD\u00bb<\/span><\/a><\/p>\n","protected":false},"author":1,"featured_media":0,"parent":0,"menu_order":0,"comment_status":"closed","ping_status":"open","template":"page-templates\/legal.php","meta":{"_acf_changed":false,"footnotes":""},"class_list":["post-1273","page","type-page","status-publish","hentry"],"acf":[],"yoast_head":"<!-- This site is optimized with the Yoast SEO plugin v26.5 - https:\/\/yoast.com\/wordpress\/plugins\/seo\/ -->\n<title>POL\u00cdTICA DE PRIVACIDAD - Medical Outfitters<\/title>\n<meta name=\"robots\" content=\"index, follow, max-snippet:-1, max-image-preview:large, max-video-preview:-1\" \/>\n<link rel=\"canonical\" href=\"https:\/\/medicaloutfitters.com\/es\/politica-de-privacidad\/\" \/>\n<meta property=\"og:locale\" content=\"es_ES\" \/>\n<meta property=\"og:type\" content=\"article\" \/>\n<meta property=\"og:title\" content=\"POL\u00cdTICA DE PRIVACIDAD - Medical Outfitters\" \/>\n<meta property=\"og:description\" content=\"SECCI\u00d3N 1 \u2013 \u00bfQU\u00c9 HACEMOS CON SU INFORMACI\u00d3N? Cuando compra algo de Medical Outfitters, como parte del proceso de compra y venta, recopilamos la informaci\u00f3n personal que nos proporciona, como su nombre, direcci\u00f3n y direcci\u00f3n de correo electr\u00f3nico. Cuando navega por nuestra tienda, tambi\u00e9n recibimos autom\u00e1ticamente la direcci\u00f3n de protocolo de Internet (IP) de suContinue reading &quot;POL\u00cdTICA DE PRIVACIDAD&quot;\" \/>\n<meta property=\"og:url\" content=\"https:\/\/medicaloutfitters.com\/es\/politica-de-privacidad\/\" \/>\n<meta property=\"og:site_name\" content=\"Medical Outfitters\" \/>\n<meta property=\"article:publisher\" content=\"https:\/\/www.facebook.com\/medicaloutfitters\" \/>\n<meta property=\"article:modified_time\" content=\"2025-09-24T20:36:22+00:00\" \/>\n<meta name=\"twitter:card\" content=\"summary_large_image\" \/>\n<meta name=\"twitter:label1\" content=\"Tiempo de lectura\" \/>\n\t<meta name=\"twitter:data1\" content=\"6 minutos\" \/>\n<script type=\"application\/ld+json\" class=\"yoast-schema-graph\">{\"@context\":\"https:\/\/schema.org\",\"@graph\":[{\"@type\":\"WebPage\",\"@id\":\"https:\/\/medicaloutfitters.com\/es\/politica-de-privacidad\/\",\"url\":\"https:\/\/medicaloutfitters.com\/es\/politica-de-privacidad\/\",\"name\":\"POL\u00cdTICA DE PRIVACIDAD - Medical Outfitters\",\"isPartOf\":{\"@id\":\"https:\/\/medicaloutfitters.com\/es\/#website\"},\"datePublished\":\"2025-04-22T20:11:35+00:00\",\"dateModified\":\"2025-09-24T20:36:22+00:00\",\"breadcrumb\":{\"@id\":\"https:\/\/medicaloutfitters.com\/es\/politica-de-privacidad\/#breadcrumb\"},\"inLanguage\":\"es\",\"potentialAction\":[{\"@type\":\"ReadAction\",\"target\":[\"https:\/\/medicaloutfitters.com\/es\/politica-de-privacidad\/\"]}]},{\"@type\":\"BreadcrumbList\",\"@id\":\"https:\/\/medicaloutfitters.com\/es\/politica-de-privacidad\/#breadcrumb\",\"itemListElement\":[{\"@type\":\"ListItem\",\"position\":1,\"name\":\"Inicio\",\"item\":\"https:\/\/medicaloutfitters.com\/es\/\"},{\"@type\":\"ListItem\",\"position\":2,\"name\":\"POL\u00cdTICA DE PRIVACIDAD\"}]},{\"@type\":\"WebSite\",\"@id\":\"https:\/\/medicaloutfitters.com\/es\/#website\",\"url\":\"https:\/\/medicaloutfitters.com\/es\/\",\"name\":\"Medical Outfitters\",\"description\":\"\",\"publisher\":{\"@id\":\"https:\/\/medicaloutfitters.com\/es\/#organization\"},\"potentialAction\":[{\"@type\":\"SearchAction\",\"target\":{\"@type\":\"EntryPoint\",\"urlTemplate\":\"https:\/\/medicaloutfitters.com\/es\/?s={search_term_string}\"},\"query-input\":{\"@type\":\"PropertyValueSpecification\",\"valueRequired\":true,\"valueName\":\"search_term_string\"}}],\"inLanguage\":\"es\"},{\"@type\":\"Organization\",\"@id\":\"https:\/\/medicaloutfitters.com\/es\/#organization\",\"name\":\"Medical Outfitters\",\"url\":\"https:\/\/medicaloutfitters.com\/es\/\",\"logo\":{\"@type\":\"ImageObject\",\"inLanguage\":\"es\",\"@id\":\"https:\/\/medicaloutfitters.com\/es\/#\/schema\/logo\/image\/\",\"url\":\"https:\/\/medicaloutfitters.com\/wp-content\/uploads\/2026\/02\/LinkedIn-Revisions-PFP-Logo-7.png\",\"contentUrl\":\"https:\/\/medicaloutfitters.com\/wp-content\/uploads\/2026\/02\/LinkedIn-Revisions-PFP-Logo-7.png\",\"width\":1563,\"height\":1563,\"caption\":\"Medical Outfitters\"},\"image\":{\"@id\":\"https:\/\/medicaloutfitters.com\/es\/#\/schema\/logo\/image\/\"},\"sameAs\":[\"https:\/\/www.facebook.com\/medicaloutfitters\",\"https:\/\/www.linkedin.com\/company\/medical-outfitters-inc\",\"https:\/\/www.instagram.com\/medicaloutfitters\"]}]}<\/script>\n<!-- \/ Yoast SEO plugin. -->","yoast_head_json":{"title":"POL\u00cdTICA DE PRIVACIDAD - Medical Outfitters","robots":{"index":"index","follow":"follow","max-snippet":"max-snippet:-1","max-image-preview":"max-image-preview:large","max-video-preview":"max-video-preview:-1"},"canonical":"https:\/\/medicaloutfitters.com\/es\/politica-de-privacidad\/","og_locale":"es_ES","og_type":"article","og_title":"POL\u00cdTICA DE PRIVACIDAD - Medical Outfitters","og_description":"SECCI\u00d3N 1 \u2013 \u00bfQU\u00c9 HACEMOS CON SU INFORMACI\u00d3N? Cuando compra algo de Medical Outfitters, como parte del proceso de compra y venta, recopilamos la informaci\u00f3n personal que nos proporciona, como su nombre, direcci\u00f3n y direcci\u00f3n de correo electr\u00f3nico. Cuando navega por nuestra tienda, tambi\u00e9n recibimos autom\u00e1ticamente la direcci\u00f3n de protocolo de Internet (IP) de suContinue reading \"POL\u00cdTICA DE PRIVACIDAD\"","og_url":"https:\/\/medicaloutfitters.com\/es\/politica-de-privacidad\/","og_site_name":"Medical Outfitters","article_publisher":"https:\/\/www.facebook.com\/medicaloutfitters","article_modified_time":"2025-09-24T20:36:22+00:00","twitter_card":"summary_large_image","twitter_misc":{"Tiempo de lectura":"6 minutos"},"schema":{"@context":"https:\/\/schema.org","@graph":[{"@type":"WebPage","@id":"https:\/\/medicaloutfitters.com\/es\/politica-de-privacidad\/","url":"https:\/\/medicaloutfitters.com\/es\/politica-de-privacidad\/","name":"POL\u00cdTICA DE PRIVACIDAD - Medical Outfitters","isPartOf":{"@id":"https:\/\/medicaloutfitters.com\/es\/#website"},"datePublished":"2025-04-22T20:11:35+00:00","dateModified":"2025-09-24T20:36:22+00:00","breadcrumb":{"@id":"https:\/\/medicaloutfitters.com\/es\/politica-de-privacidad\/#breadcrumb"},"inLanguage":"es","potentialAction":[{"@type":"ReadAction","target":["https:\/\/medicaloutfitters.com\/es\/politica-de-privacidad\/"]}]},{"@type":"BreadcrumbList","@id":"https:\/\/medicaloutfitters.com\/es\/politica-de-privacidad\/#breadcrumb","itemListElement":[{"@type":"ListItem","position":1,"name":"Inicio","item":"https:\/\/medicaloutfitters.com\/es\/"},{"@type":"ListItem","position":2,"name":"POL\u00cdTICA DE PRIVACIDAD"}]},{"@type":"WebSite","@id":"https:\/\/medicaloutfitters.com\/es\/#website","url":"https:\/\/medicaloutfitters.com\/es\/","name":"Medical Outfitters","description":"","publisher":{"@id":"https:\/\/medicaloutfitters.com\/es\/#organization"},"potentialAction":[{"@type":"SearchAction","target":{"@type":"EntryPoint","urlTemplate":"https:\/\/medicaloutfitters.com\/es\/?s={search_term_string}"},"query-input":{"@type":"PropertyValueSpecification","valueRequired":true,"valueName":"search_term_string"}}],"inLanguage":"es"},{"@type":"Organization","@id":"https:\/\/medicaloutfitters.com\/es\/#organization","name":"Medical Outfitters","url":"https:\/\/medicaloutfitters.com\/es\/","logo":{"@type":"ImageObject","inLanguage":"es","@id":"https:\/\/medicaloutfitters.com\/es\/#\/schema\/logo\/image\/","url":"https:\/\/medicaloutfitters.com\/wp-content\/uploads\/2026\/02\/LinkedIn-Revisions-PFP-Logo-7.png","contentUrl":"https:\/\/medicaloutfitters.com\/wp-content\/uploads\/2026\/02\/LinkedIn-Revisions-PFP-Logo-7.png","width":1563,"height":1563,"caption":"Medical Outfitters"},"image":{"@id":"https:\/\/medicaloutfitters.com\/es\/#\/schema\/logo\/image\/"},"sameAs":["https:\/\/www.facebook.com\/medicaloutfitters","https:\/\/www.linkedin.com\/company\/medical-outfitters-inc","https:\/\/www.instagram.com\/medicaloutfitters"]}]}},"_hostinger_reach_plugin_has_subscription_block":false,"_hostinger_reach_plugin_is_elementor":false,"_links":{"self":[{"href":"https:\/\/medicaloutfitters.com\/es\/wp-json\/wp\/v2\/pages\/1273","targetHints":{"allow":["GET"]}}],"collection":[{"href":"https:\/\/medicaloutfitters.com\/es\/wp-json\/wp\/v2\/pages"}],"about":[{"href":"https:\/\/medicaloutfitters.com\/es\/wp-json\/wp\/v2\/types\/page"}],"author":[{"embeddable":true,"href":"https:\/\/medicaloutfitters.com\/es\/wp-json\/wp\/v2\/users\/1"}],"replies":[{"embeddable":true,"href":"https:\/\/medicaloutfitters.com\/es\/wp-json\/wp\/v2\/comments?post=1273"}],"version-history":[{"count":3,"href":"https:\/\/medicaloutfitters.com\/es\/wp-json\/wp\/v2\/pages\/1273\/revisions"}],"predecessor-version":[{"id":1276,"href":"https:\/\/medicaloutfitters.com\/es\/wp-json\/wp\/v2\/pages\/1273\/revisions\/1276"}],"wp:attachment":[{"href":"https:\/\/medicaloutfitters.com\/es\/wp-json\/wp\/v2\/media?parent=1273"}],"curies":[{"name":"wp","href":"https:\/\/api.w.org\/{rel}","templated":true}]}}