{"id":1699,"date":"2026-03-26T20:46:05","date_gmt":"2026-03-26T20:46:05","guid":{"rendered":"https:\/\/medicaloutfitters.com\/products\/mammotome-elite\/"},"modified":"2026-04-17T17:39:31","modified_gmt":"2026-04-17T17:39:31","slug":"mammotome-elite-sistema-de-biopsia","status":"publish","type":"product","link":"https:\/\/medicaloutfitters.com\/es\/productos\/mammotome-elite-sistema-de-biopsia\/","title":{"rendered":"Mammotome Elite | Sistema de Biopsia"},"content":{"rendered":"<h2 class=\"wp-block-heading\">Product Overview<\/h2>\n<p>The Mammotome\u00ae Elite is the industry\u2019s only tetherless vacuum-assisted biopsy (VAB) system, specifically engineered to provide procedural freedom and diagnostic confidence. By combining the speed of a core needle biopsy with the superior tissue quality of a vacuum system, it enables clinicians to manage even the most challenging lesions with ease.<\/p>\n<p>Equipped with integrated TruVac\u2122 technology and a sharp bladed tip, the Mammotome\u00ae Elite excels in dense breast tissue and small masses. Its cordless design removes the constraints of traditional consoles, allowing for a more efficient ultrasound-guided workflow in any clinical setting.<\/p>\n<p><strong>Top features include:<\/strong><\/p>\n<ul class=\"wp-block-list\">\n<li>Tetherless design for total procedural freedom<\/li>\n<li>Integrated TruVac\u2122 technology for large, high-quality samples<\/li>\n<li>Ergonomic holster for effortless maneuverability<\/li>\n<li>Sharp bladed tip for easy access to dense tissue<\/li>\n<\/ul>\n<h2 class=\"wp-block-heading\">Core Features of the Mammotome\u00ae Elite<\/h2>\n<p>The core features of the Mammotome\u00ae Elite are designed to enhance procedural efficiency and clinical accuracy, ensuring a confident experience for both the practitioner and the patient.<\/p>\n<p><strong>Core benefits include the following:<\/strong><\/p>\n<ul class=\"wp-block-list\">\n<li>Single-insertion multiple sampling<\/li>\n<li>Improved maneuverability in difficult locations<\/li>\n<li>Touch-free tissue retrieval<\/li>\n<li>Maximized control during lesion access<\/li>\n<\/ul>\n<h2 class=\"wp-block-heading\">Technology and Precision<\/h2>\n<p>The Mammotome\u00ae Elite is packed with clinical advances that lead to faster, more accurate biopsies that your surgical team and patients will appreciate.<\/p>\n<h2 class=\"wp-block-heading\">Contact Us Today to Learn More<\/h2>\n<p>Is the Mammotome\u00ae Elite the right choice for your clinical facility? Contact us at <a href=\"\/\">Medical Outfitters<\/a> for expert guidance and competitive pricing on the latest biopsy technology.<\/p>\n<p>Put our decades of medical imaging and equipment experience to use. Tell us about your patient volume and procedure types, and we can help you integrate the Elite system into your workflow.<\/p>\n<p>If you need further support or technical documentation, <a href=\"\/contact\/\">we can help you find the information<\/a> you need to make an informed decision.<\/p>\n","protected":false},"excerpt":{"rendered":"<p>Product Overview The Mammotome\u00ae Elite is the industry\u2019s only tetherless vacuum-assisted biopsy (VAB) system, specifically engineered to provide procedural freedom and diagnostic confidence. By combining the speed of a core needle biopsy with the superior tissue quality of a vacuum system, it enables clinicians to manage even the most challenging lesions with ease. Equipped with<a href=\"https:\/\/medicaloutfitters.com\/es\/productos\/mammotome-elite-sistema-de-biopsia\/\">Continue reading <span class=\"sr-only\">\u00abMammotome Elite | Sistema de Biopsia\u00bb<\/span><\/a><\/p>\n","protected":false},"featured_media":1604,"comment_status":"closed","ping_status":"closed","template":"","meta":{"_acf_changed":false},"categories":[97],"product_brand":[94],"product_cat":[98],"product_tag":[],"product_specialty":[56],"product_region":[23,22,21],"class_list":{"0":"post-1699","1":"product","2":"type-product","3":"status-publish","4":"has-post-thumbnail","6":"category-biopsia","7":"product_cat-uncategorized","8":"product_specialty-salud-de-la-mujer","9":"product_region-caribbean","10":"product_region-puerto-rico","11":"product_region-us","13":"first","14":"instock","15":"shipping-taxable","16":"product-type-simple"},"acf":[],"yoast_head":"<!-- This site is optimized with the Yoast SEO plugin v26.5 - https:\/\/yoast.com\/wordpress\/plugins\/seo\/ -->\n<title>Mammotome Elite | Sistema de Biopsia | Medical Outfitters<\/title>\n<meta name=\"description\" content=\"Adquiera el sistema de biopsia asistida por vac\u00edo inal\u00e1mbrico Mammotome Elite. Utilice la tecnolog\u00eda TruVac\u2122 integrada para una toma de muestras precisa en tejido denso. \u00a1Solicite una cotizaci\u00f3n!\" \/>\n<meta name=\"robots\" content=\"index, follow, max-snippet:-1, max-image-preview:large, max-video-preview:-1\" \/>\n<link rel=\"canonical\" href=\"https:\/\/medicaloutfitters.com\/es\/productos\/mammotome-elite-sistema-de-biopsia\/\" \/>\n<meta property=\"og:locale\" content=\"es_ES\" \/>\n<meta property=\"og:type\" content=\"article\" \/>\n<meta property=\"og:title\" content=\"Mammotome Elite | Sistema de Biopsia | Medical Outfitters\" \/>\n<meta property=\"og:description\" content=\"Adquiera el sistema de biopsia asistida por vac\u00edo inal\u00e1mbrico Mammotome Elite. Utilice la tecnolog\u00eda TruVac\u2122 integrada para una toma de muestras precisa en tejido denso. \u00a1Solicite una cotizaci\u00f3n!\" \/>\n<meta property=\"og:url\" content=\"https:\/\/medicaloutfitters.com\/es\/productos\/mammotome-elite-sistema-de-biopsia\/\" \/>\n<meta property=\"og:site_name\" content=\"Medical Outfitters\" \/>\n<meta property=\"article:publisher\" content=\"https:\/\/www.facebook.com\/medicaloutfitters\" \/>\n<meta property=\"article:modified_time\" content=\"2026-04-17T17:39:31+00:00\" \/>\n<meta property=\"og:image\" content=\"https:\/\/medicaloutfitters.com\/wp-content\/uploads\/2026\/03\/Mammotome-Elite-Medical-Outfitters-Tetherless-Vacuum-Assisted-Biopsy-System-New.png\" \/>\n\t<meta property=\"og:image:width\" content=\"2460\" \/>\n\t<meta property=\"og:image:height\" content=\"1272\" \/>\n\t<meta property=\"og:image:type\" content=\"image\/png\" \/>\n<meta name=\"twitter:card\" content=\"summary_large_image\" \/>\n<meta name=\"twitter:label1\" content=\"Tiempo de lectura\" \/>\n\t<meta name=\"twitter:data1\" content=\"2 minutos\" \/>\n<script type=\"application\/ld+json\" class=\"yoast-schema-graph\">{\"@context\":\"https:\/\/schema.org\",\"@graph\":[{\"@type\":\"WebPage\",\"@id\":\"https:\/\/medicaloutfitters.com\/es\/productos\/mammotome-elite-sistema-de-biopsia\/\",\"url\":\"https:\/\/medicaloutfitters.com\/es\/productos\/mammotome-elite-sistema-de-biopsia\/\",\"name\":\"Mammotome Elite | Sistema de Biopsia | Medical Outfitters\",\"isPartOf\":{\"@id\":\"https:\/\/medicaloutfitters.com\/es\/#website\"},\"primaryImageOfPage\":{\"@id\":\"https:\/\/medicaloutfitters.com\/es\/productos\/mammotome-elite-sistema-de-biopsia\/#primaryimage\"},\"image\":{\"@id\":\"https:\/\/medicaloutfitters.com\/es\/productos\/mammotome-elite-sistema-de-biopsia\/#primaryimage\"},\"thumbnailUrl\":\"https:\/\/medicaloutfitters.com\/wp-content\/uploads\/2026\/03\/Mammotome-Elite-Medical-Outfitters-Tetherless-Vacuum-Assisted-Biopsy-System-New.png\",\"datePublished\":\"2026-03-26T20:46:05+00:00\",\"dateModified\":\"2026-04-17T17:39:31+00:00\",\"description\":\"Adquiera el sistema de biopsia asistida por vac\u00edo inal\u00e1mbrico Mammotome Elite. Utilice la tecnolog\u00eda TruVac\u2122 integrada para una toma de muestras precisa en tejido denso. \u00a1Solicite una cotizaci\u00f3n!\",\"breadcrumb\":{\"@id\":\"https:\/\/medicaloutfitters.com\/es\/productos\/mammotome-elite-sistema-de-biopsia\/#breadcrumb\"},\"inLanguage\":\"es\",\"potentialAction\":[{\"@type\":\"ReadAction\",\"target\":[\"https:\/\/medicaloutfitters.com\/es\/productos\/mammotome-elite-sistema-de-biopsia\/\"]}]},{\"@type\":\"ImageObject\",\"inLanguage\":\"es\",\"@id\":\"https:\/\/medicaloutfitters.com\/es\/productos\/mammotome-elite-sistema-de-biopsia\/#primaryimage\",\"url\":\"https:\/\/medicaloutfitters.com\/wp-content\/uploads\/2026\/03\/Mammotome-Elite-Medical-Outfitters-Tetherless-Vacuum-Assisted-Biopsy-System-New.png\",\"contentUrl\":\"https:\/\/medicaloutfitters.com\/wp-content\/uploads\/2026\/03\/Mammotome-Elite-Medical-Outfitters-Tetherless-Vacuum-Assisted-Biopsy-System-New.png\",\"width\":2460,\"height\":1272},{\"@type\":\"BreadcrumbList\",\"@id\":\"https:\/\/medicaloutfitters.com\/es\/productos\/mammotome-elite-sistema-de-biopsia\/#breadcrumb\",\"itemListElement\":[{\"@type\":\"ListItem\",\"position\":1,\"name\":\"Inicio\",\"item\":\"https:\/\/medicaloutfitters.com\/es\/\"},{\"@type\":\"ListItem\",\"position\":2,\"name\":\"Productos\",\"item\":\"https:\/\/medicaloutfitters.com\/es\/productos\/\"},{\"@type\":\"ListItem\",\"position\":3,\"name\":\"Mammotome Elite | Sistema de Biopsia\"}]},{\"@type\":\"WebSite\",\"@id\":\"https:\/\/medicaloutfitters.com\/es\/#website\",\"url\":\"https:\/\/medicaloutfitters.com\/es\/\",\"name\":\"Medical Outfitters\",\"description\":\"\",\"publisher\":{\"@id\":\"https:\/\/medicaloutfitters.com\/es\/#organization\"},\"potentialAction\":[{\"@type\":\"SearchAction\",\"target\":{\"@type\":\"EntryPoint\",\"urlTemplate\":\"https:\/\/medicaloutfitters.com\/es\/?s={search_term_string}\"},\"query-input\":{\"@type\":\"PropertyValueSpecification\",\"valueRequired\":true,\"valueName\":\"search_term_string\"}}],\"inLanguage\":\"es\"},{\"@type\":\"Organization\",\"@id\":\"https:\/\/medicaloutfitters.com\/es\/#organization\",\"name\":\"Medical Outfitters\",\"url\":\"https:\/\/medicaloutfitters.com\/es\/\",\"logo\":{\"@type\":\"ImageObject\",\"inLanguage\":\"es\",\"@id\":\"https:\/\/medicaloutfitters.com\/es\/#\/schema\/logo\/image\/\",\"url\":\"https:\/\/medicaloutfitters.com\/wp-content\/uploads\/2026\/02\/LinkedIn-Revisions-PFP-Logo-7.png\",\"contentUrl\":\"https:\/\/medicaloutfitters.com\/wp-content\/uploads\/2026\/02\/LinkedIn-Revisions-PFP-Logo-7.png\",\"width\":1563,\"height\":1563,\"caption\":\"Medical Outfitters\"},\"image\":{\"@id\":\"https:\/\/medicaloutfitters.com\/es\/#\/schema\/logo\/image\/\"},\"sameAs\":[\"https:\/\/www.facebook.com\/medicaloutfitters\",\"https:\/\/www.linkedin.com\/company\/medical-outfitters-inc\",\"https:\/\/www.instagram.com\/medicaloutfitters\"]}]}<\/script>\n<!-- \/ Yoast SEO plugin. -->","yoast_head_json":{"title":"Mammotome Elite | Sistema de Biopsia | Medical Outfitters","description":"Adquiera el sistema de biopsia asistida por vac\u00edo inal\u00e1mbrico Mammotome Elite. Utilice la tecnolog\u00eda TruVac\u2122 integrada para una toma de muestras precisa en tejido denso. \u00a1Solicite una cotizaci\u00f3n!","robots":{"index":"index","follow":"follow","max-snippet":"max-snippet:-1","max-image-preview":"max-image-preview:large","max-video-preview":"max-video-preview:-1"},"canonical":"https:\/\/medicaloutfitters.com\/es\/productos\/mammotome-elite-sistema-de-biopsia\/","og_locale":"es_ES","og_type":"article","og_title":"Mammotome Elite | Sistema de Biopsia | Medical Outfitters","og_description":"Adquiera el sistema de biopsia asistida por vac\u00edo inal\u00e1mbrico Mammotome Elite. Utilice la tecnolog\u00eda TruVac\u2122 integrada para una toma de muestras precisa en tejido denso. \u00a1Solicite una cotizaci\u00f3n!","og_url":"https:\/\/medicaloutfitters.com\/es\/productos\/mammotome-elite-sistema-de-biopsia\/","og_site_name":"Medical Outfitters","article_publisher":"https:\/\/www.facebook.com\/medicaloutfitters","article_modified_time":"2026-04-17T17:39:31+00:00","og_image":[{"width":2460,"height":1272,"url":"https:\/\/medicaloutfitters.com\/wp-content\/uploads\/2026\/03\/Mammotome-Elite-Medical-Outfitters-Tetherless-Vacuum-Assisted-Biopsy-System-New.png","type":"image\/png"}],"twitter_card":"summary_large_image","twitter_misc":{"Tiempo de lectura":"2 minutos"},"schema":{"@context":"https:\/\/schema.org","@graph":[{"@type":"WebPage","@id":"https:\/\/medicaloutfitters.com\/es\/productos\/mammotome-elite-sistema-de-biopsia\/","url":"https:\/\/medicaloutfitters.com\/es\/productos\/mammotome-elite-sistema-de-biopsia\/","name":"Mammotome Elite | Sistema de Biopsia | Medical Outfitters","isPartOf":{"@id":"https:\/\/medicaloutfitters.com\/es\/#website"},"primaryImageOfPage":{"@id":"https:\/\/medicaloutfitters.com\/es\/productos\/mammotome-elite-sistema-de-biopsia\/#primaryimage"},"image":{"@id":"https:\/\/medicaloutfitters.com\/es\/productos\/mammotome-elite-sistema-de-biopsia\/#primaryimage"},"thumbnailUrl":"https:\/\/medicaloutfitters.com\/wp-content\/uploads\/2026\/03\/Mammotome-Elite-Medical-Outfitters-Tetherless-Vacuum-Assisted-Biopsy-System-New.png","datePublished":"2026-03-26T20:46:05+00:00","dateModified":"2026-04-17T17:39:31+00:00","description":"Adquiera el sistema de biopsia asistida por vac\u00edo inal\u00e1mbrico Mammotome Elite. Utilice la tecnolog\u00eda TruVac\u2122 integrada para una toma de muestras precisa en tejido denso. \u00a1Solicite una cotizaci\u00f3n!","breadcrumb":{"@id":"https:\/\/medicaloutfitters.com\/es\/productos\/mammotome-elite-sistema-de-biopsia\/#breadcrumb"},"inLanguage":"es","potentialAction":[{"@type":"ReadAction","target":["https:\/\/medicaloutfitters.com\/es\/productos\/mammotome-elite-sistema-de-biopsia\/"]}]},{"@type":"ImageObject","inLanguage":"es","@id":"https:\/\/medicaloutfitters.com\/es\/productos\/mammotome-elite-sistema-de-biopsia\/#primaryimage","url":"https:\/\/medicaloutfitters.com\/wp-content\/uploads\/2026\/03\/Mammotome-Elite-Medical-Outfitters-Tetherless-Vacuum-Assisted-Biopsy-System-New.png","contentUrl":"https:\/\/medicaloutfitters.com\/wp-content\/uploads\/2026\/03\/Mammotome-Elite-Medical-Outfitters-Tetherless-Vacuum-Assisted-Biopsy-System-New.png","width":2460,"height":1272},{"@type":"BreadcrumbList","@id":"https:\/\/medicaloutfitters.com\/es\/productos\/mammotome-elite-sistema-de-biopsia\/#breadcrumb","itemListElement":[{"@type":"ListItem","position":1,"name":"Inicio","item":"https:\/\/medicaloutfitters.com\/es\/"},{"@type":"ListItem","position":2,"name":"Productos","item":"https:\/\/medicaloutfitters.com\/es\/productos\/"},{"@type":"ListItem","position":3,"name":"Mammotome Elite | Sistema de Biopsia"}]},{"@type":"WebSite","@id":"https:\/\/medicaloutfitters.com\/es\/#website","url":"https:\/\/medicaloutfitters.com\/es\/","name":"Medical Outfitters","description":"","publisher":{"@id":"https:\/\/medicaloutfitters.com\/es\/#organization"},"potentialAction":[{"@type":"SearchAction","target":{"@type":"EntryPoint","urlTemplate":"https:\/\/medicaloutfitters.com\/es\/?s={search_term_string}"},"query-input":{"@type":"PropertyValueSpecification","valueRequired":true,"valueName":"search_term_string"}}],"inLanguage":"es"},{"@type":"Organization","@id":"https:\/\/medicaloutfitters.com\/es\/#organization","name":"Medical Outfitters","url":"https:\/\/medicaloutfitters.com\/es\/","logo":{"@type":"ImageObject","inLanguage":"es","@id":"https:\/\/medicaloutfitters.com\/es\/#\/schema\/logo\/image\/","url":"https:\/\/medicaloutfitters.com\/wp-content\/uploads\/2026\/02\/LinkedIn-Revisions-PFP-Logo-7.png","contentUrl":"https:\/\/medicaloutfitters.com\/wp-content\/uploads\/2026\/02\/LinkedIn-Revisions-PFP-Logo-7.png","width":1563,"height":1563,"caption":"Medical Outfitters"},"image":{"@id":"https:\/\/medicaloutfitters.com\/es\/#\/schema\/logo\/image\/"},"sameAs":["https:\/\/www.facebook.com\/medicaloutfitters","https:\/\/www.linkedin.com\/company\/medical-outfitters-inc","https:\/\/www.instagram.com\/medicaloutfitters"]}]}},"_links":{"self":[{"href":"https:\/\/medicaloutfitters.com\/es\/wp-json\/wp\/v2\/product\/1699","targetHints":{"allow":["GET"]}}],"collection":[{"href":"https:\/\/medicaloutfitters.com\/es\/wp-json\/wp\/v2\/product"}],"about":[{"href":"https:\/\/medicaloutfitters.com\/es\/wp-json\/wp\/v2\/types\/product"}],"replies":[{"embeddable":true,"href":"https:\/\/medicaloutfitters.com\/es\/wp-json\/wp\/v2\/comments?post=1699"}],"wp:featuredmedia":[{"embeddable":true,"href":"https:\/\/medicaloutfitters.com\/es\/wp-json\/wp\/v2\/media\/1604"}],"wp:attachment":[{"href":"https:\/\/medicaloutfitters.com\/es\/wp-json\/wp\/v2\/media?parent=1699"}],"wp:term":[{"taxonomy":"category","embeddable":true,"href":"https:\/\/medicaloutfitters.com\/es\/wp-json\/wp\/v2\/categories?post=1699"},{"taxonomy":"product_brand","embeddable":true,"href":"https:\/\/medicaloutfitters.com\/es\/wp-json\/wp\/v2\/product_brand?post=1699"},{"taxonomy":"product_cat","embeddable":true,"href":"https:\/\/medicaloutfitters.com\/es\/wp-json\/wp\/v2\/product_cat?post=1699"},{"taxonomy":"product_tag","embeddable":true,"href":"https:\/\/medicaloutfitters.com\/es\/wp-json\/wp\/v2\/product_tag?post=1699"},{"taxonomy":"product_specialty","embeddable":true,"href":"https:\/\/medicaloutfitters.com\/es\/wp-json\/wp\/v2\/product_specialty?post=1699"},{"taxonomy":"product_region","embeddable":true,"href":"https:\/\/medicaloutfitters.com\/es\/wp-json\/wp\/v2\/product_region?post=1699"}],"curies":[{"name":"wp","href":"https:\/\/api.w.org\/{rel}","templated":true}]}}