{"id":1700,"date":"2026-03-27T18:17:45","date_gmt":"2026-03-27T18:17:45","guid":{"rendered":"https:\/\/medicaloutfitters.com\/products\/mammotome-revolve\/"},"modified":"2026-04-15T17:23:22","modified_gmt":"2026-04-15T17:23:22","slug":"mammotome-revolve-biopsia-maquina","status":"publish","type":"product","link":"https:\/\/medicaloutfitters.com\/es\/productos\/mammotome-revolve-biopsia-maquina\/","title":{"rendered":"Mammotome Revolve | Radiograf\u00eda"},"content":{"rendered":"<h2 class=\"wp-block-heading\">Resumen del producto<\/h2>\n<p>Nuestros sistemas de radiograf\u00eda de muestras de alta resoluci\u00f3n son el referente del sector en materia de verificaci\u00f3n intraoperatoria, y est\u00e1n dise\u00f1ados espec\u00edficamente para agilizar los procedimientos y garantizar la fiabilidad diagn\u00f3stica. Al combinar im\u00e1genes digitales de alta resoluci\u00f3n con una evaluaci\u00f3n inmediata de los m\u00e1rgenes, estos sistemas permiten a los equipos quir\u00fargicos y de patolog\u00eda gestionar casos complejos con total precisi\u00f3n. <\/p>\n<p>Gracias a su avanzada tecnolog\u00eda de sensores CMOS y a su dise\u00f1o compacto, nuestras soluciones de obtenci\u00f3n de im\u00e1genes de muestras destacan tanto en el quir\u00f3fano como en el servicio de anatom\u00eda patol\u00f3gica. Su dise\u00f1o intuitivo elimina los retrasos propios de la verificaci\u00f3n tradicional en laboratorio, lo que permite un flujo de trabajo cl\u00ednico m\u00e1s eficiente y reduce el tiempo que el paciente permanece bajo anestesia. <\/p>\n<p><strong>Entre las principales caracter\u00edsticas del sistema destacan:<\/strong><\/p>\n<ul class=\"wp-block-list\">\n<li>Sensores digitales de alta resoluci\u00f3n para obtener un nivel superior de detalle de las muestras<\/li>\n<li>Dise\u00f1o compacto y port\u00e1til que permite una integraci\u00f3n perfecta en el quir\u00f3fano<\/li>\n<li>Interfaz intuitiva con pantalla t\u00e1ctil para una r\u00e1pida captura de im\u00e1genes<\/li>\n<li>Conectividad DICOM sin interrupciones para una integraci\u00f3n instant\u00e1nea con RIS\/PACS<\/li>\n<\/ul>\n<h2 class=\"wp-block-heading\">Impacto cl\u00ednico fundamental<\/h2>\n<p>Las principales ventajas de nuestros sistemas de radiograf\u00eda de muestras est\u00e1n pensadas para mejorar la eficiencia de los procedimientos y la precisi\u00f3n cl\u00ednica, lo que garantiza una experiencia de confianza para el equipo quir\u00fargico y mejores resultados para el paciente.<\/p>\n<p><strong>Entre los principales beneficios cl\u00ednicos se incluyen:<\/strong><\/p>\n<ul class=\"wp-block-list\">\n<li>Verificaci\u00f3n y an\u00e1lisis inmediatos de los m\u00e1rgenes durante la intervenci\u00f3n quir\u00fargica<\/li>\n<li>Mejora de la visualizaci\u00f3n de microcalcificaciones y marcadores quir\u00fargicos<\/li>\n<li>Reducci\u00f3n significativa del tiempo de anestesia del paciente<\/li>\n<li>Reducci\u00f3n de las tasas de reexcisi\u00f3n gracias a la sincronizaci\u00f3n patol\u00f3gica en tiempo real<\/li>\n<\/ul>\n<h2 class=\"wp-block-heading\">Tecnolog\u00eda y precisi\u00f3n<\/h2>\n<p>Nuestras soluciones de obtenci\u00f3n de im\u00e1genes de muestras est\u00e1n repletas de avances cl\u00ednicos que permiten realizar an\u00e1lisis m\u00e1s r\u00e1pidos y precisos. Al proporcionar verificaci\u00f3n intraoperatoria en el punto de atenci\u00f3n, los equipos quir\u00fargicos pueden confirmar los m\u00e1rgenes en segundos, garantizando una precisi\u00f3n diagn\u00f3stica en la que pueden confiar los departamentos de patolog\u00eda. <\/p>\n<h2 class=\"wp-block-heading\">Contacta con nosotros hoy para saber m\u00e1s<\/h2>\n<p>Is a high-resolution specimen imaging system the right choice for your clinical facility? Contact the experts at <a href=\"\/\">Medical Outfitters<\/a> for guidance on the latest specimen radiography technology, competitive pricing, and global logistics support. <\/p>\n<p>Pon en pr\u00e1ctica nuestras d\u00e9cadas de experiencia en tratamiento de im\u00e1genes m\u00e9dicas. <a href=\"https:\/\/medicaloutfitters.com\/es\/contacto\/\">H\u00e1blanos de las necesidades de tu centro<\/a> y podremos ayudarte a integrar hoy mismo un sistema avanzado de obtenci\u00f3n de im\u00e1genes de muestras en tu flujo de trabajo.<\/p>\n","protected":false},"excerpt":{"rendered":"<p>Resumen del producto Nuestros sistemas de radiograf\u00eda de muestras de alta resoluci\u00f3n son el referente del sector en materia de verificaci\u00f3n intraoperatoria, y est\u00e1n dise\u00f1ados espec\u00edficamente para agilizar los procedimientos y garantizar la fiabilidad diagn\u00f3stica. Al combinar im\u00e1genes digitales de alta resoluci\u00f3n con una evaluaci\u00f3n inmediata de los m\u00e1rgenes, estos sistemas permiten a los equipos<a href=\"https:\/\/medicaloutfitters.com\/es\/productos\/mammotome-revolve-biopsia-maquina\/\">Continue reading <span class=\"sr-only\">\u00abMammotome Revolve | Radiograf\u00eda\u00bb<\/span><\/a><\/p>\n","protected":false},"featured_media":1675,"comment_status":"closed","ping_status":"closed","template":"","meta":{"_acf_changed":false},"categories":[97],"product_brand":[94],"product_cat":[98],"product_tag":[],"product_specialty":[56],"product_region":[23,22,21],"class_list":{"0":"post-1700","1":"product","2":"type-product","3":"status-publish","4":"has-post-thumbnail","6":"category-biopsia","7":"product_cat-uncategorized","8":"product_specialty-salud-de-la-mujer","9":"product_region-caribbean","10":"product_region-puerto-rico","11":"product_region-us","13":"first","14":"instock","15":"shipping-taxable","16":"product-type-simple"},"acf":[],"yoast_head":"<!-- This site is optimized with the Yoast SEO plugin v26.5 - https:\/\/yoast.com\/wordpress\/plugins\/seo\/ -->\n<title>Mammotome Revolve | Radiograf\u00eda | Medical Outfitters<\/title>\n<meta name=\"description\" content=\"Pide el Mammotomo Revolve. Un sistema dual de biopsia mamaria asistida por vac\u00edo que proporciona muestras de tejido grandes y de alta calidad para patolog\u00eda. \u00a1Pide presupuesto!\" \/>\n<meta name=\"robots\" content=\"index, follow, max-snippet:-1, max-image-preview:large, max-video-preview:-1\" \/>\n<link rel=\"canonical\" href=\"https:\/\/medicaloutfitters.com\/es\/productos\/mammotome-revolve-biopsia-maquina\/\" \/>\n<meta property=\"og:locale\" content=\"es_ES\" \/>\n<meta property=\"og:type\" content=\"article\" \/>\n<meta property=\"og:title\" content=\"Mammotome Revolve | Radiograf\u00eda | Medical Outfitters\" \/>\n<meta property=\"og:description\" content=\"Pide el Mammotomo Revolve. Un sistema dual de biopsia mamaria asistida por vac\u00edo que proporciona muestras de tejido grandes y de alta calidad para patolog\u00eda. \u00a1Pide presupuesto!\" \/>\n<meta property=\"og:url\" content=\"https:\/\/medicaloutfitters.com\/es\/productos\/mammotome-revolve-biopsia-maquina\/\" \/>\n<meta property=\"og:site_name\" content=\"Medical Outfitters\" \/>\n<meta property=\"article:publisher\" content=\"https:\/\/www.facebook.com\/medicaloutfitters\" \/>\n<meta property=\"article:modified_time\" content=\"2026-04-15T17:23:22+00:00\" \/>\n<meta property=\"og:image\" content=\"https:\/\/medicaloutfitters.com\/wp-content\/uploads\/2026\/03\/Mammotome-Revolve-US-Control-Module-Medical-Outfitters-Dual-Vacuum-Assisted-Breast-Biopsy-System-New-scaled.png\" \/>\n\t<meta property=\"og:image:width\" content=\"1810\" \/>\n\t<meta property=\"og:image:height\" content=\"2560\" \/>\n\t<meta property=\"og:image:type\" content=\"image\/png\" \/>\n<meta name=\"twitter:card\" content=\"summary_large_image\" \/>\n<meta name=\"twitter:label1\" content=\"Tiempo de lectura\" \/>\n\t<meta name=\"twitter:data1\" content=\"3 minutos\" \/>\n<script type=\"application\/ld+json\" class=\"yoast-schema-graph\">{\"@context\":\"https:\/\/schema.org\",\"@graph\":[{\"@type\":\"WebPage\",\"@id\":\"https:\/\/medicaloutfitters.com\/es\/productos\/mammotome-revolve-biopsia-maquina\/\",\"url\":\"https:\/\/medicaloutfitters.com\/es\/productos\/mammotome-revolve-biopsia-maquina\/\",\"name\":\"Mammotome Revolve | Radiograf\u00eda | Medical Outfitters\",\"isPartOf\":{\"@id\":\"https:\/\/medicaloutfitters.com\/es\/#website\"},\"primaryImageOfPage\":{\"@id\":\"https:\/\/medicaloutfitters.com\/es\/productos\/mammotome-revolve-biopsia-maquina\/#primaryimage\"},\"image\":{\"@id\":\"https:\/\/medicaloutfitters.com\/es\/productos\/mammotome-revolve-biopsia-maquina\/#primaryimage\"},\"thumbnailUrl\":\"https:\/\/medicaloutfitters.com\/wp-content\/uploads\/2026\/03\/Mammotome-Revolve-US-Control-Module-Medical-Outfitters-Dual-Vacuum-Assisted-Breast-Biopsy-System-New-scaled.png\",\"datePublished\":\"2026-03-27T18:17:45+00:00\",\"dateModified\":\"2026-04-15T17:23:22+00:00\",\"description\":\"Pide el Mammotomo Revolve. Un sistema dual de biopsia mamaria asistida por vac\u00edo que proporciona muestras de tejido grandes y de alta calidad para patolog\u00eda. \u00a1Pide presupuesto!\",\"breadcrumb\":{\"@id\":\"https:\/\/medicaloutfitters.com\/es\/productos\/mammotome-revolve-biopsia-maquina\/#breadcrumb\"},\"inLanguage\":\"es\",\"potentialAction\":[{\"@type\":\"ReadAction\",\"target\":[\"https:\/\/medicaloutfitters.com\/es\/productos\/mammotome-revolve-biopsia-maquina\/\"]}]},{\"@type\":\"ImageObject\",\"inLanguage\":\"es\",\"@id\":\"https:\/\/medicaloutfitters.com\/es\/productos\/mammotome-revolve-biopsia-maquina\/#primaryimage\",\"url\":\"https:\/\/medicaloutfitters.com\/wp-content\/uploads\/2026\/03\/Mammotome-Revolve-US-Control-Module-Medical-Outfitters-Dual-Vacuum-Assisted-Breast-Biopsy-System-New-scaled.png\",\"contentUrl\":\"https:\/\/medicaloutfitters.com\/wp-content\/uploads\/2026\/03\/Mammotome-Revolve-US-Control-Module-Medical-Outfitters-Dual-Vacuum-Assisted-Breast-Biopsy-System-New-scaled.png\",\"width\":1810,\"height\":2560},{\"@type\":\"BreadcrumbList\",\"@id\":\"https:\/\/medicaloutfitters.com\/es\/productos\/mammotome-revolve-biopsia-maquina\/#breadcrumb\",\"itemListElement\":[{\"@type\":\"ListItem\",\"position\":1,\"name\":\"Inicio\",\"item\":\"https:\/\/medicaloutfitters.com\/es\/\"},{\"@type\":\"ListItem\",\"position\":2,\"name\":\"Productos\",\"item\":\"https:\/\/medicaloutfitters.com\/es\/productos\/\"},{\"@type\":\"ListItem\",\"position\":3,\"name\":\"Mammotome Revolve | Radiograf\u00eda\"}]},{\"@type\":\"WebSite\",\"@id\":\"https:\/\/medicaloutfitters.com\/es\/#website\",\"url\":\"https:\/\/medicaloutfitters.com\/es\/\",\"name\":\"Medical Outfitters\",\"description\":\"\",\"publisher\":{\"@id\":\"https:\/\/medicaloutfitters.com\/es\/#organization\"},\"potentialAction\":[{\"@type\":\"SearchAction\",\"target\":{\"@type\":\"EntryPoint\",\"urlTemplate\":\"https:\/\/medicaloutfitters.com\/es\/?s={search_term_string}\"},\"query-input\":{\"@type\":\"PropertyValueSpecification\",\"valueRequired\":true,\"valueName\":\"search_term_string\"}}],\"inLanguage\":\"es\"},{\"@type\":\"Organization\",\"@id\":\"https:\/\/medicaloutfitters.com\/es\/#organization\",\"name\":\"Medical Outfitters\",\"url\":\"https:\/\/medicaloutfitters.com\/es\/\",\"logo\":{\"@type\":\"ImageObject\",\"inLanguage\":\"es\",\"@id\":\"https:\/\/medicaloutfitters.com\/es\/#\/schema\/logo\/image\/\",\"url\":\"https:\/\/medicaloutfitters.com\/wp-content\/uploads\/2026\/02\/LinkedIn-Revisions-PFP-Logo-7.png\",\"contentUrl\":\"https:\/\/medicaloutfitters.com\/wp-content\/uploads\/2026\/02\/LinkedIn-Revisions-PFP-Logo-7.png\",\"width\":1563,\"height\":1563,\"caption\":\"Medical Outfitters\"},\"image\":{\"@id\":\"https:\/\/medicaloutfitters.com\/es\/#\/schema\/logo\/image\/\"},\"sameAs\":[\"https:\/\/www.facebook.com\/medicaloutfitters\",\"https:\/\/www.linkedin.com\/company\/medical-outfitters-inc\",\"https:\/\/www.instagram.com\/medicaloutfitters\"]}]}<\/script>\n<!-- \/ Yoast SEO plugin. -->","yoast_head_json":{"title":"Mammotome Revolve | Radiograf\u00eda | Medical Outfitters","description":"Pide el Mammotomo Revolve. Un sistema dual de biopsia mamaria asistida por vac\u00edo que proporciona muestras de tejido grandes y de alta calidad para patolog\u00eda. \u00a1Pide presupuesto!","robots":{"index":"index","follow":"follow","max-snippet":"max-snippet:-1","max-image-preview":"max-image-preview:large","max-video-preview":"max-video-preview:-1"},"canonical":"https:\/\/medicaloutfitters.com\/es\/productos\/mammotome-revolve-biopsia-maquina\/","og_locale":"es_ES","og_type":"article","og_title":"Mammotome Revolve | Radiograf\u00eda | Medical Outfitters","og_description":"Pide el Mammotomo Revolve. Un sistema dual de biopsia mamaria asistida por vac\u00edo que proporciona muestras de tejido grandes y de alta calidad para patolog\u00eda. \u00a1Pide presupuesto!","og_url":"https:\/\/medicaloutfitters.com\/es\/productos\/mammotome-revolve-biopsia-maquina\/","og_site_name":"Medical Outfitters","article_publisher":"https:\/\/www.facebook.com\/medicaloutfitters","article_modified_time":"2026-04-15T17:23:22+00:00","og_image":[{"width":1810,"height":2560,"url":"https:\/\/medicaloutfitters.com\/wp-content\/uploads\/2026\/03\/Mammotome-Revolve-US-Control-Module-Medical-Outfitters-Dual-Vacuum-Assisted-Breast-Biopsy-System-New-scaled.png","type":"image\/png"}],"twitter_card":"summary_large_image","twitter_misc":{"Tiempo de lectura":"3 minutos"},"schema":{"@context":"https:\/\/schema.org","@graph":[{"@type":"WebPage","@id":"https:\/\/medicaloutfitters.com\/es\/productos\/mammotome-revolve-biopsia-maquina\/","url":"https:\/\/medicaloutfitters.com\/es\/productos\/mammotome-revolve-biopsia-maquina\/","name":"Mammotome Revolve | Radiograf\u00eda | Medical Outfitters","isPartOf":{"@id":"https:\/\/medicaloutfitters.com\/es\/#website"},"primaryImageOfPage":{"@id":"https:\/\/medicaloutfitters.com\/es\/productos\/mammotome-revolve-biopsia-maquina\/#primaryimage"},"image":{"@id":"https:\/\/medicaloutfitters.com\/es\/productos\/mammotome-revolve-biopsia-maquina\/#primaryimage"},"thumbnailUrl":"https:\/\/medicaloutfitters.com\/wp-content\/uploads\/2026\/03\/Mammotome-Revolve-US-Control-Module-Medical-Outfitters-Dual-Vacuum-Assisted-Breast-Biopsy-System-New-scaled.png","datePublished":"2026-03-27T18:17:45+00:00","dateModified":"2026-04-15T17:23:22+00:00","description":"Pide el Mammotomo Revolve. Un sistema dual de biopsia mamaria asistida por vac\u00edo que proporciona muestras de tejido grandes y de alta calidad para patolog\u00eda. \u00a1Pide presupuesto!","breadcrumb":{"@id":"https:\/\/medicaloutfitters.com\/es\/productos\/mammotome-revolve-biopsia-maquina\/#breadcrumb"},"inLanguage":"es","potentialAction":[{"@type":"ReadAction","target":["https:\/\/medicaloutfitters.com\/es\/productos\/mammotome-revolve-biopsia-maquina\/"]}]},{"@type":"ImageObject","inLanguage":"es","@id":"https:\/\/medicaloutfitters.com\/es\/productos\/mammotome-revolve-biopsia-maquina\/#primaryimage","url":"https:\/\/medicaloutfitters.com\/wp-content\/uploads\/2026\/03\/Mammotome-Revolve-US-Control-Module-Medical-Outfitters-Dual-Vacuum-Assisted-Breast-Biopsy-System-New-scaled.png","contentUrl":"https:\/\/medicaloutfitters.com\/wp-content\/uploads\/2026\/03\/Mammotome-Revolve-US-Control-Module-Medical-Outfitters-Dual-Vacuum-Assisted-Breast-Biopsy-System-New-scaled.png","width":1810,"height":2560},{"@type":"BreadcrumbList","@id":"https:\/\/medicaloutfitters.com\/es\/productos\/mammotome-revolve-biopsia-maquina\/#breadcrumb","itemListElement":[{"@type":"ListItem","position":1,"name":"Inicio","item":"https:\/\/medicaloutfitters.com\/es\/"},{"@type":"ListItem","position":2,"name":"Productos","item":"https:\/\/medicaloutfitters.com\/es\/productos\/"},{"@type":"ListItem","position":3,"name":"Mammotome Revolve | Radiograf\u00eda"}]},{"@type":"WebSite","@id":"https:\/\/medicaloutfitters.com\/es\/#website","url":"https:\/\/medicaloutfitters.com\/es\/","name":"Medical Outfitters","description":"","publisher":{"@id":"https:\/\/medicaloutfitters.com\/es\/#organization"},"potentialAction":[{"@type":"SearchAction","target":{"@type":"EntryPoint","urlTemplate":"https:\/\/medicaloutfitters.com\/es\/?s={search_term_string}"},"query-input":{"@type":"PropertyValueSpecification","valueRequired":true,"valueName":"search_term_string"}}],"inLanguage":"es"},{"@type":"Organization","@id":"https:\/\/medicaloutfitters.com\/es\/#organization","name":"Medical Outfitters","url":"https:\/\/medicaloutfitters.com\/es\/","logo":{"@type":"ImageObject","inLanguage":"es","@id":"https:\/\/medicaloutfitters.com\/es\/#\/schema\/logo\/image\/","url":"https:\/\/medicaloutfitters.com\/wp-content\/uploads\/2026\/02\/LinkedIn-Revisions-PFP-Logo-7.png","contentUrl":"https:\/\/medicaloutfitters.com\/wp-content\/uploads\/2026\/02\/LinkedIn-Revisions-PFP-Logo-7.png","width":1563,"height":1563,"caption":"Medical Outfitters"},"image":{"@id":"https:\/\/medicaloutfitters.com\/es\/#\/schema\/logo\/image\/"},"sameAs":["https:\/\/www.facebook.com\/medicaloutfitters","https:\/\/www.linkedin.com\/company\/medical-outfitters-inc","https:\/\/www.instagram.com\/medicaloutfitters"]}]}},"_links":{"self":[{"href":"https:\/\/medicaloutfitters.com\/es\/wp-json\/wp\/v2\/product\/1700","targetHints":{"allow":["GET"]}}],"collection":[{"href":"https:\/\/medicaloutfitters.com\/es\/wp-json\/wp\/v2\/product"}],"about":[{"href":"https:\/\/medicaloutfitters.com\/es\/wp-json\/wp\/v2\/types\/product"}],"replies":[{"embeddable":true,"href":"https:\/\/medicaloutfitters.com\/es\/wp-json\/wp\/v2\/comments?post=1700"}],"wp:featuredmedia":[{"embeddable":true,"href":"https:\/\/medicaloutfitters.com\/es\/wp-json\/wp\/v2\/media\/1675"}],"wp:attachment":[{"href":"https:\/\/medicaloutfitters.com\/es\/wp-json\/wp\/v2\/media?parent=1700"}],"wp:term":[{"taxonomy":"category","embeddable":true,"href":"https:\/\/medicaloutfitters.com\/es\/wp-json\/wp\/v2\/categories?post=1700"},{"taxonomy":"product_brand","embeddable":true,"href":"https:\/\/medicaloutfitters.com\/es\/wp-json\/wp\/v2\/product_brand?post=1700"},{"taxonomy":"product_cat","embeddable":true,"href":"https:\/\/medicaloutfitters.com\/es\/wp-json\/wp\/v2\/product_cat?post=1700"},{"taxonomy":"product_tag","embeddable":true,"href":"https:\/\/medicaloutfitters.com\/es\/wp-json\/wp\/v2\/product_tag?post=1700"},{"taxonomy":"product_specialty","embeddable":true,"href":"https:\/\/medicaloutfitters.com\/es\/wp-json\/wp\/v2\/product_specialty?post=1700"},{"taxonomy":"product_region","embeddable":true,"href":"https:\/\/medicaloutfitters.com\/es\/wp-json\/wp\/v2\/product_region?post=1700"}],"curies":[{"name":"wp","href":"https:\/\/api.w.org\/{rel}","templated":true}]}}