{"id":1701,"date":"2026-03-27T19:05:15","date_gmt":"2026-03-27T19:05:15","guid":{"rendered":"https:\/\/medicaloutfitters.com\/products\/mammotomo-neoprobe\/"},"modified":"2026-03-27T19:05:15","modified_gmt":"2026-03-27T19:05:15","slug":"mammotomo-neoprobe","status":"publish","type":"product","link":"https:\/\/medicaloutfitters.com\/es\/productos\/mammotomo-neoprobe\/","title":{"rendered":"Mammotomo Neoprobe"},"content":{"rendered":"<h2 class=\"wp-block-heading\">Resumen del producto<\/h2>\n<p>El Sistema de Detecci\u00f3n Gamma (GDS) Neoprobe\u00ae es el patr\u00f3n oro de la cirug\u00eda radioguiada, dise\u00f1ado espec\u00edficamente para proporcionar a los equipos quir\u00fargicos una localizaci\u00f3n fiable de los tejidos en tiempo real. Al utilizar tecnolog\u00eda inal\u00e1mbrica Bluetooth\u00ae avanzada, proporciona la direccionalidad y sensibilidad excepcionales que requieren los procedimientos oncol\u00f3gicos y endocrinos complejos. <\/p>\n<p>Con m\u00e1s de 20 a\u00f1os de excelencia cl\u00ednica, el Neoprobe\u00ae GDS elimina las limitaciones de las consolas tradicionales con cable, lo que permite un flujo de trabajo quir\u00fargico o guiado por ultrasonidos m\u00e1s eficaz. El sistema est\u00e1 dise\u00f1ado para una puesta en marcha instant\u00e1nea, sin necesidad de calibraci\u00f3n ni mantenimiento preventivo, lo que garantiza que est\u00e9 listo para el quir\u00f3fano en el momento en que se necesite. <\/p>\n<p><strong>Entre las principales caracter\u00edsticas del sistema destacan:<\/strong><\/p>\n<ul class=\"wp-block-list\">\n<li>Sondas inal\u00e1mbricas Bluetooth\u00ae para una maniobrabilidad total del procedimiento<\/li>\n<li>Detecci\u00f3n de seis is\u00f3topos distintos para uso multiaplicaci\u00f3n<\/li>\n<li>Funci\u00f3n de recuento remoto con un solo toque desde el campo est\u00e9ril<\/li>\n<li>Dise\u00f1o libre de mantenimiento, sin necesidad de calibraci\u00f3n ni mantenimiento peri\u00f3dico<\/li>\n<\/ul>\n<h2 class=\"wp-block-heading\">Impacto cl\u00ednico fundamental<\/h2>\n<p>Las principales ventajas de Neoprobe\u00ae GDS se centran en la precisi\u00f3n cl\u00ednica y la eficacia del flujo de trabajo, garantizando una experiencia segura durante las biopsias de ganglio linf\u00e1tico centinela (BGC) y la localizaci\u00f3n de lesiones, tanto para el m\u00e9dico como para el paciente.<\/p>\n<p><strong>Entre los principales beneficios cl\u00ednicos se incluyen:<\/strong><\/p>\n<ul class=\"wp-block-list\">\n<li>Localizaci\u00f3n altamente precisa del tejido objetivo en la mama, la axila y m\u00e1s all\u00e1<\/li>\n<li>Detecci\u00f3n simult\u00e1nea de dos is\u00f3topos (99mTc y 125I) con filtrado de datos en tiempo real<\/li>\n<li>Funcionamiento sin esfuerzo con puesta en marcha r\u00e1pida para reducir el tiempo de procedimiento<\/li>\n<li>Aplicaciones cl\u00ednicas ampliadas que incluyen melanoma, paratiroides y otros tipos de c\u00e1ncer<\/li>\n<\/ul>\n<h2 class=\"wp-block-heading\">Tecnolog\u00eda y precisi\u00f3n<\/h2>\n<p>El Neoprobe\u00ae GDS est\u00e1 repleto de cinco generaciones de innovaci\u00f3n cl\u00ednica, que proporcionan a los cirujanos recuentos individuales y filtrado de is\u00f3topos en tiempo real. Esto permite al equipo quir\u00fargico distinguir entre los puntos de inyecci\u00f3n y las semillas radiactivas con absoluta claridad, lo que da lugar a biopsias m\u00e1s r\u00e1pidas y precisas que conducen a mejores resultados para el paciente. <\/p>\n<h2 class=\"wp-block-heading\">Contacta con nosotros hoy para saber m\u00e1s<\/h2>\n<p>\u00bfEs el Neoprobe\u00ae GDS la elecci\u00f3n adecuada para tu centro quir\u00fargico? Ponte en contacto con los expertos de <a href=\"\/\">Medical Outfitters<\/a> para que te orienten sobre la tecnolog\u00eda de detecci\u00f3n gamma, precios competitivos y asistencia global para equipos. <\/p>\n<p>Pon en pr\u00e1ctica nuestras d\u00e9cadas de experiencia en equipos m\u00e9dicos. <a href=\"https:\/\/medicaloutfitters.com\/es\/contacto\/\">H\u00e1blanos de tu volumen de pacientes y tipos de procedimientos<\/a>, y podremos ayudarte a integrar el sistema Neoprobe en tu flujo de trabajo cl\u00ednico hoy mismo.<\/p>\n","protected":false},"excerpt":{"rendered":"<p>Resumen del producto El Sistema de Detecci\u00f3n Gamma (GDS) Neoprobe\u00ae es el patr\u00f3n oro de la cirug\u00eda radioguiada, dise\u00f1ado espec\u00edficamente para proporcionar a los equipos quir\u00fargicos una localizaci\u00f3n fiable de los tejidos en tiempo real. Al utilizar tecnolog\u00eda inal\u00e1mbrica Bluetooth\u00ae avanzada, proporciona la direccionalidad y sensibilidad excepcionales que requieren los procedimientos oncol\u00f3gicos y endocrinos complejos.<a href=\"https:\/\/medicaloutfitters.com\/es\/productos\/mammotomo-neoprobe\/\">Continue reading <span class=\"sr-only\">\u00abMammotomo Neoprobe\u00bb<\/span><\/a><\/p>\n","protected":false},"featured_media":1693,"comment_status":"open","ping_status":"closed","template":"","meta":{"_acf_changed":false},"categories":[97],"product_brand":[94],"product_cat":[93],"product_tag":[],"product_specialty":[56],"product_region":[23,22,21],"class_list":{"0":"post-1701","1":"product","2":"type-product","3":"status-publish","4":"has-post-thumbnail","6":"category-biopsia","7":"product_cat-uncategorized","8":"product_specialty-salud-de-la-mujer","9":"product_region-caribbean","10":"product_region-puerto-rico","11":"product_region-us","13":"first","14":"instock","15":"shipping-taxable","16":"product-type-simple"},"acf":[],"yoast_head":"<!-- This site is optimized with the Yoast SEO plugin v26.5 - https:\/\/yoast.com\/wordpress\/plugins\/seo\/ -->\n<title>Mammotomo Neoprobe | Medical Outfitters<\/title>\n<meta name=\"description\" content=\"Pide el Sistema de Detecci\u00f3n Gamma Mammotome Neoprobe. Las sondas Bluetooth garantizan una localizaci\u00f3n precisa de SLNB y lesiones sin necesidad de calibraci\u00f3n. \u00a1Solicita presupuesto!\" \/>\n<meta name=\"robots\" content=\"index, follow, max-snippet:-1, max-image-preview:large, max-video-preview:-1\" \/>\n<link rel=\"canonical\" href=\"https:\/\/medicaloutfitters.com\/es\/productos\/mammotomo-neoprobe\/\" \/>\n<meta property=\"og:locale\" content=\"es_ES\" \/>\n<meta property=\"og:type\" content=\"article\" \/>\n<meta property=\"og:title\" content=\"Mammotomo Neoprobe | Medical Outfitters\" \/>\n<meta property=\"og:description\" content=\"Pide el Sistema de Detecci\u00f3n Gamma Mammotome Neoprobe. Las sondas Bluetooth garantizan una localizaci\u00f3n precisa de SLNB y lesiones sin necesidad de calibraci\u00f3n. \u00a1Solicita presupuesto!\" \/>\n<meta property=\"og:url\" content=\"https:\/\/medicaloutfitters.com\/es\/productos\/mammotomo-neoprobe\/\" \/>\n<meta property=\"og:site_name\" content=\"Medical Outfitters\" \/>\n<meta property=\"article:publisher\" content=\"https:\/\/www.facebook.com\/medicaloutfitters\" \/>\n<meta property=\"og:image\" content=\"https:\/\/medicaloutfitters.com\/wp-content\/uploads\/2026\/03\/Mammotome-Neoprobe-Medical-Outfitters-Gamma-Detection-System-Front-View-With-Probes-New.png\" \/>\n\t<meta property=\"og:image:width\" content=\"1685\" \/>\n\t<meta property=\"og:image:height\" content=\"1685\" \/>\n\t<meta property=\"og:image:type\" content=\"image\/png\" \/>\n<meta name=\"twitter:card\" content=\"summary_large_image\" \/>\n<meta name=\"twitter:label1\" content=\"Tiempo de lectura\" \/>\n\t<meta name=\"twitter:data1\" content=\"2 minutos\" \/>\n<script type=\"application\/ld+json\" class=\"yoast-schema-graph\">{\"@context\":\"https:\/\/schema.org\",\"@graph\":[{\"@type\":\"WebPage\",\"@id\":\"https:\/\/medicaloutfitters.com\/es\/productos\/mammotomo-neoprobe\/\",\"url\":\"https:\/\/medicaloutfitters.com\/es\/productos\/mammotomo-neoprobe\/\",\"name\":\"Mammotomo Neoprobe | Medical Outfitters\",\"isPartOf\":{\"@id\":\"https:\/\/medicaloutfitters.com\/es\/#website\"},\"primaryImageOfPage\":{\"@id\":\"https:\/\/medicaloutfitters.com\/es\/productos\/mammotomo-neoprobe\/#primaryimage\"},\"image\":{\"@id\":\"https:\/\/medicaloutfitters.com\/es\/productos\/mammotomo-neoprobe\/#primaryimage\"},\"thumbnailUrl\":\"https:\/\/medicaloutfitters.com\/wp-content\/uploads\/2026\/03\/Mammotome-Neoprobe-Medical-Outfitters-Gamma-Detection-System-Front-View-With-Probes-New.png\",\"datePublished\":\"2026-03-27T19:05:15+00:00\",\"description\":\"Pide el Sistema de Detecci\u00f3n Gamma Mammotome Neoprobe. Las sondas Bluetooth garantizan una localizaci\u00f3n precisa de SLNB y lesiones sin necesidad de calibraci\u00f3n. \u00a1Solicita presupuesto!\",\"breadcrumb\":{\"@id\":\"https:\/\/medicaloutfitters.com\/es\/productos\/mammotomo-neoprobe\/#breadcrumb\"},\"inLanguage\":\"es\",\"potentialAction\":[{\"@type\":\"ReadAction\",\"target\":[\"https:\/\/medicaloutfitters.com\/es\/productos\/mammotomo-neoprobe\/\"]}]},{\"@type\":\"ImageObject\",\"inLanguage\":\"es\",\"@id\":\"https:\/\/medicaloutfitters.com\/es\/productos\/mammotomo-neoprobe\/#primaryimage\",\"url\":\"https:\/\/medicaloutfitters.com\/wp-content\/uploads\/2026\/03\/Mammotome-Neoprobe-Medical-Outfitters-Gamma-Detection-System-Front-View-With-Probes-New.png\",\"contentUrl\":\"https:\/\/medicaloutfitters.com\/wp-content\/uploads\/2026\/03\/Mammotome-Neoprobe-Medical-Outfitters-Gamma-Detection-System-Front-View-With-Probes-New.png\",\"width\":1685,\"height\":1685},{\"@type\":\"BreadcrumbList\",\"@id\":\"https:\/\/medicaloutfitters.com\/es\/productos\/mammotomo-neoprobe\/#breadcrumb\",\"itemListElement\":[{\"@type\":\"ListItem\",\"position\":1,\"name\":\"Inicio\",\"item\":\"https:\/\/medicaloutfitters.com\/es\/\"},{\"@type\":\"ListItem\",\"position\":2,\"name\":\"Productos\",\"item\":\"https:\/\/medicaloutfitters.com\/es\/productos\/\"},{\"@type\":\"ListItem\",\"position\":3,\"name\":\"Mammotomo Neoprobe\"}]},{\"@type\":\"WebSite\",\"@id\":\"https:\/\/medicaloutfitters.com\/es\/#website\",\"url\":\"https:\/\/medicaloutfitters.com\/es\/\",\"name\":\"Medical Outfitters\",\"description\":\"\",\"publisher\":{\"@id\":\"https:\/\/medicaloutfitters.com\/es\/#organization\"},\"potentialAction\":[{\"@type\":\"SearchAction\",\"target\":{\"@type\":\"EntryPoint\",\"urlTemplate\":\"https:\/\/medicaloutfitters.com\/es\/?s={search_term_string}\"},\"query-input\":{\"@type\":\"PropertyValueSpecification\",\"valueRequired\":true,\"valueName\":\"search_term_string\"}}],\"inLanguage\":\"es\"},{\"@type\":\"Organization\",\"@id\":\"https:\/\/medicaloutfitters.com\/es\/#organization\",\"name\":\"Medical Outfitters\",\"url\":\"https:\/\/medicaloutfitters.com\/es\/\",\"logo\":{\"@type\":\"ImageObject\",\"inLanguage\":\"es\",\"@id\":\"https:\/\/medicaloutfitters.com\/es\/#\/schema\/logo\/image\/\",\"url\":\"https:\/\/medicaloutfitters.com\/wp-content\/uploads\/2026\/02\/LinkedIn-Revisions-PFP-Logo-7.png\",\"contentUrl\":\"https:\/\/medicaloutfitters.com\/wp-content\/uploads\/2026\/02\/LinkedIn-Revisions-PFP-Logo-7.png\",\"width\":1563,\"height\":1563,\"caption\":\"Medical Outfitters\"},\"image\":{\"@id\":\"https:\/\/medicaloutfitters.com\/es\/#\/schema\/logo\/image\/\"},\"sameAs\":[\"https:\/\/www.facebook.com\/medicaloutfitters\",\"https:\/\/www.linkedin.com\/company\/medical-outfitters-inc\",\"https:\/\/www.instagram.com\/medicaloutfitters\"]}]}<\/script>\n<!-- \/ Yoast SEO plugin. -->","yoast_head_json":{"title":"Mammotomo Neoprobe | Medical Outfitters","description":"Pide el Sistema de Detecci\u00f3n Gamma Mammotome Neoprobe. Las sondas Bluetooth garantizan una localizaci\u00f3n precisa de SLNB y lesiones sin necesidad de calibraci\u00f3n. \u00a1Solicita presupuesto!","robots":{"index":"index","follow":"follow","max-snippet":"max-snippet:-1","max-image-preview":"max-image-preview:large","max-video-preview":"max-video-preview:-1"},"canonical":"https:\/\/medicaloutfitters.com\/es\/productos\/mammotomo-neoprobe\/","og_locale":"es_ES","og_type":"article","og_title":"Mammotomo Neoprobe | Medical Outfitters","og_description":"Pide el Sistema de Detecci\u00f3n Gamma Mammotome Neoprobe. Las sondas Bluetooth garantizan una localizaci\u00f3n precisa de SLNB y lesiones sin necesidad de calibraci\u00f3n. \u00a1Solicita presupuesto!","og_url":"https:\/\/medicaloutfitters.com\/es\/productos\/mammotomo-neoprobe\/","og_site_name":"Medical Outfitters","article_publisher":"https:\/\/www.facebook.com\/medicaloutfitters","og_image":[{"width":1685,"height":1685,"url":"https:\/\/medicaloutfitters.com\/wp-content\/uploads\/2026\/03\/Mammotome-Neoprobe-Medical-Outfitters-Gamma-Detection-System-Front-View-With-Probes-New.png","type":"image\/png"}],"twitter_card":"summary_large_image","twitter_misc":{"Tiempo de lectura":"2 minutos"},"schema":{"@context":"https:\/\/schema.org","@graph":[{"@type":"WebPage","@id":"https:\/\/medicaloutfitters.com\/es\/productos\/mammotomo-neoprobe\/","url":"https:\/\/medicaloutfitters.com\/es\/productos\/mammotomo-neoprobe\/","name":"Mammotomo Neoprobe | Medical Outfitters","isPartOf":{"@id":"https:\/\/medicaloutfitters.com\/es\/#website"},"primaryImageOfPage":{"@id":"https:\/\/medicaloutfitters.com\/es\/productos\/mammotomo-neoprobe\/#primaryimage"},"image":{"@id":"https:\/\/medicaloutfitters.com\/es\/productos\/mammotomo-neoprobe\/#primaryimage"},"thumbnailUrl":"https:\/\/medicaloutfitters.com\/wp-content\/uploads\/2026\/03\/Mammotome-Neoprobe-Medical-Outfitters-Gamma-Detection-System-Front-View-With-Probes-New.png","datePublished":"2026-03-27T19:05:15+00:00","description":"Pide el Sistema de Detecci\u00f3n Gamma Mammotome Neoprobe. Las sondas Bluetooth garantizan una localizaci\u00f3n precisa de SLNB y lesiones sin necesidad de calibraci\u00f3n. \u00a1Solicita presupuesto!","breadcrumb":{"@id":"https:\/\/medicaloutfitters.com\/es\/productos\/mammotomo-neoprobe\/#breadcrumb"},"inLanguage":"es","potentialAction":[{"@type":"ReadAction","target":["https:\/\/medicaloutfitters.com\/es\/productos\/mammotomo-neoprobe\/"]}]},{"@type":"ImageObject","inLanguage":"es","@id":"https:\/\/medicaloutfitters.com\/es\/productos\/mammotomo-neoprobe\/#primaryimage","url":"https:\/\/medicaloutfitters.com\/wp-content\/uploads\/2026\/03\/Mammotome-Neoprobe-Medical-Outfitters-Gamma-Detection-System-Front-View-With-Probes-New.png","contentUrl":"https:\/\/medicaloutfitters.com\/wp-content\/uploads\/2026\/03\/Mammotome-Neoprobe-Medical-Outfitters-Gamma-Detection-System-Front-View-With-Probes-New.png","width":1685,"height":1685},{"@type":"BreadcrumbList","@id":"https:\/\/medicaloutfitters.com\/es\/productos\/mammotomo-neoprobe\/#breadcrumb","itemListElement":[{"@type":"ListItem","position":1,"name":"Inicio","item":"https:\/\/medicaloutfitters.com\/es\/"},{"@type":"ListItem","position":2,"name":"Productos","item":"https:\/\/medicaloutfitters.com\/es\/productos\/"},{"@type":"ListItem","position":3,"name":"Mammotomo Neoprobe"}]},{"@type":"WebSite","@id":"https:\/\/medicaloutfitters.com\/es\/#website","url":"https:\/\/medicaloutfitters.com\/es\/","name":"Medical Outfitters","description":"","publisher":{"@id":"https:\/\/medicaloutfitters.com\/es\/#organization"},"potentialAction":[{"@type":"SearchAction","target":{"@type":"EntryPoint","urlTemplate":"https:\/\/medicaloutfitters.com\/es\/?s={search_term_string}"},"query-input":{"@type":"PropertyValueSpecification","valueRequired":true,"valueName":"search_term_string"}}],"inLanguage":"es"},{"@type":"Organization","@id":"https:\/\/medicaloutfitters.com\/es\/#organization","name":"Medical Outfitters","url":"https:\/\/medicaloutfitters.com\/es\/","logo":{"@type":"ImageObject","inLanguage":"es","@id":"https:\/\/medicaloutfitters.com\/es\/#\/schema\/logo\/image\/","url":"https:\/\/medicaloutfitters.com\/wp-content\/uploads\/2026\/02\/LinkedIn-Revisions-PFP-Logo-7.png","contentUrl":"https:\/\/medicaloutfitters.com\/wp-content\/uploads\/2026\/02\/LinkedIn-Revisions-PFP-Logo-7.png","width":1563,"height":1563,"caption":"Medical Outfitters"},"image":{"@id":"https:\/\/medicaloutfitters.com\/es\/#\/schema\/logo\/image\/"},"sameAs":["https:\/\/www.facebook.com\/medicaloutfitters","https:\/\/www.linkedin.com\/company\/medical-outfitters-inc","https:\/\/www.instagram.com\/medicaloutfitters"]}]}},"_links":{"self":[{"href":"https:\/\/medicaloutfitters.com\/es\/wp-json\/wp\/v2\/product\/1701","targetHints":{"allow":["GET"]}}],"collection":[{"href":"https:\/\/medicaloutfitters.com\/es\/wp-json\/wp\/v2\/product"}],"about":[{"href":"https:\/\/medicaloutfitters.com\/es\/wp-json\/wp\/v2\/types\/product"}],"replies":[{"embeddable":true,"href":"https:\/\/medicaloutfitters.com\/es\/wp-json\/wp\/v2\/comments?post=1701"}],"wp:featuredmedia":[{"embeddable":true,"href":"https:\/\/medicaloutfitters.com\/es\/wp-json\/wp\/v2\/media\/1693"}],"wp:attachment":[{"href":"https:\/\/medicaloutfitters.com\/es\/wp-json\/wp\/v2\/media?parent=1701"}],"wp:term":[{"taxonomy":"category","embeddable":true,"href":"https:\/\/medicaloutfitters.com\/es\/wp-json\/wp\/v2\/categories?post=1701"},{"taxonomy":"product_brand","embeddable":true,"href":"https:\/\/medicaloutfitters.com\/es\/wp-json\/wp\/v2\/product_brand?post=1701"},{"taxonomy":"product_cat","embeddable":true,"href":"https:\/\/medicaloutfitters.com\/es\/wp-json\/wp\/v2\/product_cat?post=1701"},{"taxonomy":"product_tag","embeddable":true,"href":"https:\/\/medicaloutfitters.com\/es\/wp-json\/wp\/v2\/product_tag?post=1701"},{"taxonomy":"product_specialty","embeddable":true,"href":"https:\/\/medicaloutfitters.com\/es\/wp-json\/wp\/v2\/product_specialty?post=1701"},{"taxonomy":"product_region","embeddable":true,"href":"https:\/\/medicaloutfitters.com\/es\/wp-json\/wp\/v2\/product_region?post=1701"}],"curies":[{"name":"wp","href":"https:\/\/api.w.org\/{rel}","templated":true}]}}