{"id":1711,"date":"2026-03-27T20:47:09","date_gmt":"2026-03-27T20:47:09","guid":{"rendered":"https:\/\/medicaloutfitters.com\/products\/kubtec-picasso-plus\/"},"modified":"2026-04-15T18:31:08","modified_gmt":"2026-04-15T18:31:08","slug":"kubtec-picasso-plus-radiografia","status":"publish","type":"product","link":"https:\/\/medicaloutfitters.com\/es\/productos\/kubtec-picasso-plus-radiografia\/","title":{"rendered":"Kubtec PICASSO Plus Radiograf\u00eda"},"content":{"rendered":"<h2 class=\"wp-block-heading\">Resumen del producto<\/h2>\n<p>El PICASSO\u00ae Plus representa la pr\u00f3xima generaci\u00f3n de radiograf\u00eda de muestras, dise\u00f1ado espec\u00edficamente para redefinir la obtenci\u00f3n de im\u00e1genes en la sala de patolog\u00eda macrosc\u00f3pica. Al llevar las capacidades de rayos X de alta resoluci\u00f3n directamente al laboratorio de patolog\u00eda, elimina la necesidad de transportar las muestras a radiolog\u00eda o mamograf\u00eda, lo que reduce significativamente los tiempos de entrega de muestras cr\u00edticas. <\/p>\n<p>Como \u00fanico sistema espec\u00edfico para patolog\u00eda que incorpora la tecnolog\u00eda de Captura Directa de Selenio Amorfo, el PICASSO Plus garantiza que la misma calidad de imagen de alto nivel utilizada para diagnosticar el c\u00e1ncer de mama est\u00e9 ahora disponible para el an\u00e1lisis de tejidos. Esto permite a los asistentes de pat\u00f3logo (AP) ver las cosas de forma diferente, garantizando una precisi\u00f3n absoluta incluso antes de que la muestra llegue a la estaci\u00f3n de macroscopia. <\/p>\n<p><strong>Entre las principales caracter\u00edsticas del sistema destacan:<\/strong><\/p>\n<ul class=\"wp-block-list\">\n<li>Detector de selenio amorfo para im\u00e1genes n\u00edtidas y de calidad diagn\u00f3stica<\/li>\n<li>Gran \u00e1rea de imagen de 10&#8243; x 12&#8243;, ideal para muestras de gran tama\u00f1o como mastectom\u00edas<\/li>\n<li>El Image Blender\u2122 para combinar im\u00e1genes \u00f3pticas y de rayos X en tiempo real<\/li>\n<li>Tableta Pablo\u2122 opcional para acceso m\u00f3vil y anotaci\u00f3n en cualquier lugar del laboratorio<\/li>\n<\/ul>\n<h2 class=\"wp-block-heading\">Impacto del flujo de trabajo b\u00e1sico<\/h2>\n<p>Las caracter\u00edsticas principales del PICASSO Plus est\u00e1n dise\u00f1adas para mejorar la eficacia y eliminar los cuellos de botella en la sala de bruto, proporcionando una transici\u00f3n fluida de la obtenci\u00f3n de im\u00e1genes a la estaci\u00f3n de bruto sin interrupciones.<\/p>\n<p><strong>Las prestaciones principales del laboratorio incluyen:<\/strong><\/p>\n<ul class=\"wp-block-list\">\n<li>Eliminaci\u00f3n del transporte de muestras a departamentos externos<\/li>\n<li>Identificaci\u00f3n r\u00e1pida de clips quir\u00fargicos, m\u00e1rgenes y microcalcificaciones<\/li>\n<li>Innovador control por voz y gestos para una aut\u00e9ntica navegaci\u00f3n manos libres<\/li>\n<li>Colocaci\u00f3n perfecta del tejido en los casetes mediante una mezcla \u00f3ptica\/radiogr\u00e1fica precisa<\/li>\n<\/ul>\n<h2 class=\"wp-block-heading\">Tecnolog\u00eda y precisi\u00f3n<\/h2>\n<p>El PICASSO Plus est\u00e1 repleto de avances cl\u00ednicos que permiten a los m\u00e9dicos de AP verlo todo junto antes de realizar el examen macrosc\u00f3pico. Mediante el reconocimiento avanzado de voz y el control gestual, el sistema proporciona una experiencia sin contacto que mantiene la integridad del entorno de la sala de frotis, al tiempo que proporciona los datos de alta resoluci\u00f3n necesarios para un an\u00e1lisis patol\u00f3gico preciso. <\/p>\n<h2 class=\"wp-block-heading\">Contacta con nosotros hoy para saber m\u00e1s<\/h2>\n<p>\u00bfEs PICASSO\u00ae Plus la elecci\u00f3n adecuada para tu laboratorio de patolog\u00eda? Ponte en contacto con los expertos de <a href=\"\/\">Medical Outfitters<\/a> para obtener orientaci\u00f3n experta, precios competitivos y asistencia t\u00e9cnica sobre la \u00faltima tecnolog\u00eda de obtenci\u00f3n de im\u00e1genes de muestras. <\/p>\n<p>Pon en pr\u00e1ctica nuestras d\u00e9cadas de experiencia en imagen m\u00e9dica. <a href=\"https:\/\/medicaloutfitters.com\/es\/contacto\/\">H\u00e1blanos del volumen y las necesidades de tu laboratorio<\/a>, y podremos ayudarte a integrar hoy mismo el sistema PICASSO Plus en tu flujo de trabajo para mejorar la eficacia y reducir los plazos de entrega.<\/p>\n","protected":false},"excerpt":{"rendered":"<p>Resumen del producto El PICASSO\u00ae Plus representa la pr\u00f3xima generaci\u00f3n de radiograf\u00eda de muestras, dise\u00f1ado espec\u00edficamente para redefinir la obtenci\u00f3n de im\u00e1genes en la sala de patolog\u00eda macrosc\u00f3pica. Al llevar las capacidades de rayos X de alta resoluci\u00f3n directamente al laboratorio de patolog\u00eda, elimina la necesidad de transportar las muestras a radiolog\u00eda o mamograf\u00eda, lo<a href=\"https:\/\/medicaloutfitters.com\/es\/productos\/kubtec-picasso-plus-radiografia\/\">Continue reading <span class=\"sr-only\">\u00abKubtec PICASSO Plus Radiograf\u00eda\u00bb<\/span><\/a><\/p>\n","protected":false},"featured_media":1710,"comment_status":"open","ping_status":"closed","template":"","meta":{"_acf_changed":false},"categories":[100],"product_brand":[99],"product_cat":[98],"product_tag":[],"product_specialty":[56],"product_region":[23,22,21],"class_list":{"0":"post-1711","1":"product","2":"type-product","3":"status-publish","4":"has-post-thumbnail","6":"category-imagenes-de-muestras","7":"product_cat-uncategorized","8":"product_specialty-salud-de-la-mujer","9":"product_region-caribbean","10":"product_region-puerto-rico","11":"product_region-us","13":"first","14":"instock","15":"shipping-taxable","16":"product-type-simple"},"acf":[],"yoast_head":"<!-- This site is optimized with the Yoast SEO plugin v26.5 - https:\/\/yoast.com\/wordpress\/plugins\/seo\/ -->\n<title>Kubtec PICASSO Plus Radiograf\u00eda | Medical Outfitters<\/title>\n<meta name=\"description\" content=\"Elimina los retrasos con la obtenci\u00f3n de im\u00e1genes de muestras en el punto de atenci\u00f3n. Sensores digitales de alta resoluci\u00f3n para una r\u00e1pida verificaci\u00f3n de los m\u00e1rgenes en el quir\u00f3fano y la sala de brutos. Asistencia experta disponible.\" \/>\n<meta name=\"robots\" content=\"index, follow, max-snippet:-1, max-image-preview:large, max-video-preview:-1\" \/>\n<link rel=\"canonical\" href=\"https:\/\/medicaloutfitters.com\/es\/productos\/kubtec-picasso-plus-radiografia\/\" \/>\n<meta property=\"og:locale\" content=\"es_ES\" \/>\n<meta property=\"og:type\" content=\"article\" \/>\n<meta property=\"og:title\" content=\"Kubtec PICASSO Plus Radiograf\u00eda | Medical Outfitters\" \/>\n<meta property=\"og:description\" content=\"Elimina los retrasos con la obtenci\u00f3n de im\u00e1genes de muestras en el punto de atenci\u00f3n. Sensores digitales de alta resoluci\u00f3n para una r\u00e1pida verificaci\u00f3n de los m\u00e1rgenes en el quir\u00f3fano y la sala de brutos. Asistencia experta disponible.\" \/>\n<meta property=\"og:url\" content=\"https:\/\/medicaloutfitters.com\/es\/productos\/kubtec-picasso-plus-radiografia\/\" \/>\n<meta property=\"og:site_name\" content=\"Medical Outfitters\" \/>\n<meta property=\"article:publisher\" content=\"https:\/\/www.facebook.com\/medicaloutfitters\" \/>\n<meta property=\"article:modified_time\" content=\"2026-04-15T18:31:08+00:00\" \/>\n<meta property=\"og:image\" content=\"https:\/\/medicaloutfitters.com\/wp-content\/uploads\/2026\/03\/Kubtec-PICASSO-Plus-Medical-Outfitters-Specimen-Radiography-System-New-1.png\" \/>\n\t<meta property=\"og:image:width\" content=\"1191\" \/>\n\t<meta property=\"og:image:height\" content=\"1685\" \/>\n\t<meta property=\"og:image:type\" content=\"image\/png\" \/>\n<meta name=\"twitter:card\" content=\"summary_large_image\" \/>\n<meta name=\"twitter:label1\" content=\"Tiempo de lectura\" \/>\n\t<meta name=\"twitter:data1\" content=\"3 minutos\" \/>\n<script type=\"application\/ld+json\" class=\"yoast-schema-graph\">{\"@context\":\"https:\/\/schema.org\",\"@graph\":[{\"@type\":\"WebPage\",\"@id\":\"https:\/\/medicaloutfitters.com\/es\/productos\/kubtec-picasso-plus-radiografia\/\",\"url\":\"https:\/\/medicaloutfitters.com\/es\/productos\/kubtec-picasso-plus-radiografia\/\",\"name\":\"Kubtec PICASSO Plus Radiograf\u00eda | Medical Outfitters\",\"isPartOf\":{\"@id\":\"https:\/\/medicaloutfitters.com\/es\/#website\"},\"primaryImageOfPage\":{\"@id\":\"https:\/\/medicaloutfitters.com\/es\/productos\/kubtec-picasso-plus-radiografia\/#primaryimage\"},\"image\":{\"@id\":\"https:\/\/medicaloutfitters.com\/es\/productos\/kubtec-picasso-plus-radiografia\/#primaryimage\"},\"thumbnailUrl\":\"https:\/\/medicaloutfitters.com\/wp-content\/uploads\/2026\/03\/Kubtec-PICASSO-Plus-Medical-Outfitters-Specimen-Radiography-System-New-1.png\",\"datePublished\":\"2026-03-27T20:47:09+00:00\",\"dateModified\":\"2026-04-15T18:31:08+00:00\",\"description\":\"Elimina los retrasos con la obtenci\u00f3n de im\u00e1genes de muestras en el punto de atenci\u00f3n. Sensores digitales de alta resoluci\u00f3n para una r\u00e1pida verificaci\u00f3n de los m\u00e1rgenes en el quir\u00f3fano y la sala de brutos. Asistencia experta disponible.\",\"breadcrumb\":{\"@id\":\"https:\/\/medicaloutfitters.com\/es\/productos\/kubtec-picasso-plus-radiografia\/#breadcrumb\"},\"inLanguage\":\"es\",\"potentialAction\":[{\"@type\":\"ReadAction\",\"target\":[\"https:\/\/medicaloutfitters.com\/es\/productos\/kubtec-picasso-plus-radiografia\/\"]}]},{\"@type\":\"ImageObject\",\"inLanguage\":\"es\",\"@id\":\"https:\/\/medicaloutfitters.com\/es\/productos\/kubtec-picasso-plus-radiografia\/#primaryimage\",\"url\":\"https:\/\/medicaloutfitters.com\/wp-content\/uploads\/2026\/03\/Kubtec-PICASSO-Plus-Medical-Outfitters-Specimen-Radiography-System-New-1.png\",\"contentUrl\":\"https:\/\/medicaloutfitters.com\/wp-content\/uploads\/2026\/03\/Kubtec-PICASSO-Plus-Medical-Outfitters-Specimen-Radiography-System-New-1.png\",\"width\":1191,\"height\":1685},{\"@type\":\"BreadcrumbList\",\"@id\":\"https:\/\/medicaloutfitters.com\/es\/productos\/kubtec-picasso-plus-radiografia\/#breadcrumb\",\"itemListElement\":[{\"@type\":\"ListItem\",\"position\":1,\"name\":\"Inicio\",\"item\":\"https:\/\/medicaloutfitters.com\/es\/\"},{\"@type\":\"ListItem\",\"position\":2,\"name\":\"Productos\",\"item\":\"https:\/\/medicaloutfitters.com\/es\/productos\/\"},{\"@type\":\"ListItem\",\"position\":3,\"name\":\"Kubtec PICASSO Plus Radiograf\u00eda\"}]},{\"@type\":\"WebSite\",\"@id\":\"https:\/\/medicaloutfitters.com\/es\/#website\",\"url\":\"https:\/\/medicaloutfitters.com\/es\/\",\"name\":\"Medical Outfitters\",\"description\":\"\",\"publisher\":{\"@id\":\"https:\/\/medicaloutfitters.com\/es\/#organization\"},\"potentialAction\":[{\"@type\":\"SearchAction\",\"target\":{\"@type\":\"EntryPoint\",\"urlTemplate\":\"https:\/\/medicaloutfitters.com\/es\/?s={search_term_string}\"},\"query-input\":{\"@type\":\"PropertyValueSpecification\",\"valueRequired\":true,\"valueName\":\"search_term_string\"}}],\"inLanguage\":\"es\"},{\"@type\":\"Organization\",\"@id\":\"https:\/\/medicaloutfitters.com\/es\/#organization\",\"name\":\"Medical Outfitters\",\"url\":\"https:\/\/medicaloutfitters.com\/es\/\",\"logo\":{\"@type\":\"ImageObject\",\"inLanguage\":\"es\",\"@id\":\"https:\/\/medicaloutfitters.com\/es\/#\/schema\/logo\/image\/\",\"url\":\"https:\/\/medicaloutfitters.com\/wp-content\/uploads\/2026\/02\/LinkedIn-Revisions-PFP-Logo-7.png\",\"contentUrl\":\"https:\/\/medicaloutfitters.com\/wp-content\/uploads\/2026\/02\/LinkedIn-Revisions-PFP-Logo-7.png\",\"width\":1563,\"height\":1563,\"caption\":\"Medical Outfitters\"},\"image\":{\"@id\":\"https:\/\/medicaloutfitters.com\/es\/#\/schema\/logo\/image\/\"},\"sameAs\":[\"https:\/\/www.facebook.com\/medicaloutfitters\",\"https:\/\/www.linkedin.com\/company\/medical-outfitters-inc\",\"https:\/\/www.instagram.com\/medicaloutfitters\"]}]}<\/script>\n<!-- \/ Yoast SEO plugin. -->","yoast_head_json":{"title":"Kubtec PICASSO Plus Radiograf\u00eda | Medical Outfitters","description":"Elimina los retrasos con la obtenci\u00f3n de im\u00e1genes de muestras en el punto de atenci\u00f3n. Sensores digitales de alta resoluci\u00f3n para una r\u00e1pida verificaci\u00f3n de los m\u00e1rgenes en el quir\u00f3fano y la sala de brutos. Asistencia experta disponible.","robots":{"index":"index","follow":"follow","max-snippet":"max-snippet:-1","max-image-preview":"max-image-preview:large","max-video-preview":"max-video-preview:-1"},"canonical":"https:\/\/medicaloutfitters.com\/es\/productos\/kubtec-picasso-plus-radiografia\/","og_locale":"es_ES","og_type":"article","og_title":"Kubtec PICASSO Plus Radiograf\u00eda | Medical Outfitters","og_description":"Elimina los retrasos con la obtenci\u00f3n de im\u00e1genes de muestras en el punto de atenci\u00f3n. Sensores digitales de alta resoluci\u00f3n para una r\u00e1pida verificaci\u00f3n de los m\u00e1rgenes en el quir\u00f3fano y la sala de brutos. Asistencia experta disponible.","og_url":"https:\/\/medicaloutfitters.com\/es\/productos\/kubtec-picasso-plus-radiografia\/","og_site_name":"Medical Outfitters","article_publisher":"https:\/\/www.facebook.com\/medicaloutfitters","article_modified_time":"2026-04-15T18:31:08+00:00","og_image":[{"width":1191,"height":1685,"url":"https:\/\/medicaloutfitters.com\/wp-content\/uploads\/2026\/03\/Kubtec-PICASSO-Plus-Medical-Outfitters-Specimen-Radiography-System-New-1.png","type":"image\/png"}],"twitter_card":"summary_large_image","twitter_misc":{"Tiempo de lectura":"3 minutos"},"schema":{"@context":"https:\/\/schema.org","@graph":[{"@type":"WebPage","@id":"https:\/\/medicaloutfitters.com\/es\/productos\/kubtec-picasso-plus-radiografia\/","url":"https:\/\/medicaloutfitters.com\/es\/productos\/kubtec-picasso-plus-radiografia\/","name":"Kubtec PICASSO Plus Radiograf\u00eda | Medical Outfitters","isPartOf":{"@id":"https:\/\/medicaloutfitters.com\/es\/#website"},"primaryImageOfPage":{"@id":"https:\/\/medicaloutfitters.com\/es\/productos\/kubtec-picasso-plus-radiografia\/#primaryimage"},"image":{"@id":"https:\/\/medicaloutfitters.com\/es\/productos\/kubtec-picasso-plus-radiografia\/#primaryimage"},"thumbnailUrl":"https:\/\/medicaloutfitters.com\/wp-content\/uploads\/2026\/03\/Kubtec-PICASSO-Plus-Medical-Outfitters-Specimen-Radiography-System-New-1.png","datePublished":"2026-03-27T20:47:09+00:00","dateModified":"2026-04-15T18:31:08+00:00","description":"Elimina los retrasos con la obtenci\u00f3n de im\u00e1genes de muestras en el punto de atenci\u00f3n. Sensores digitales de alta resoluci\u00f3n para una r\u00e1pida verificaci\u00f3n de los m\u00e1rgenes en el quir\u00f3fano y la sala de brutos. Asistencia experta disponible.","breadcrumb":{"@id":"https:\/\/medicaloutfitters.com\/es\/productos\/kubtec-picasso-plus-radiografia\/#breadcrumb"},"inLanguage":"es","potentialAction":[{"@type":"ReadAction","target":["https:\/\/medicaloutfitters.com\/es\/productos\/kubtec-picasso-plus-radiografia\/"]}]},{"@type":"ImageObject","inLanguage":"es","@id":"https:\/\/medicaloutfitters.com\/es\/productos\/kubtec-picasso-plus-radiografia\/#primaryimage","url":"https:\/\/medicaloutfitters.com\/wp-content\/uploads\/2026\/03\/Kubtec-PICASSO-Plus-Medical-Outfitters-Specimen-Radiography-System-New-1.png","contentUrl":"https:\/\/medicaloutfitters.com\/wp-content\/uploads\/2026\/03\/Kubtec-PICASSO-Plus-Medical-Outfitters-Specimen-Radiography-System-New-1.png","width":1191,"height":1685},{"@type":"BreadcrumbList","@id":"https:\/\/medicaloutfitters.com\/es\/productos\/kubtec-picasso-plus-radiografia\/#breadcrumb","itemListElement":[{"@type":"ListItem","position":1,"name":"Inicio","item":"https:\/\/medicaloutfitters.com\/es\/"},{"@type":"ListItem","position":2,"name":"Productos","item":"https:\/\/medicaloutfitters.com\/es\/productos\/"},{"@type":"ListItem","position":3,"name":"Kubtec PICASSO Plus Radiograf\u00eda"}]},{"@type":"WebSite","@id":"https:\/\/medicaloutfitters.com\/es\/#website","url":"https:\/\/medicaloutfitters.com\/es\/","name":"Medical Outfitters","description":"","publisher":{"@id":"https:\/\/medicaloutfitters.com\/es\/#organization"},"potentialAction":[{"@type":"SearchAction","target":{"@type":"EntryPoint","urlTemplate":"https:\/\/medicaloutfitters.com\/es\/?s={search_term_string}"},"query-input":{"@type":"PropertyValueSpecification","valueRequired":true,"valueName":"search_term_string"}}],"inLanguage":"es"},{"@type":"Organization","@id":"https:\/\/medicaloutfitters.com\/es\/#organization","name":"Medical Outfitters","url":"https:\/\/medicaloutfitters.com\/es\/","logo":{"@type":"ImageObject","inLanguage":"es","@id":"https:\/\/medicaloutfitters.com\/es\/#\/schema\/logo\/image\/","url":"https:\/\/medicaloutfitters.com\/wp-content\/uploads\/2026\/02\/LinkedIn-Revisions-PFP-Logo-7.png","contentUrl":"https:\/\/medicaloutfitters.com\/wp-content\/uploads\/2026\/02\/LinkedIn-Revisions-PFP-Logo-7.png","width":1563,"height":1563,"caption":"Medical Outfitters"},"image":{"@id":"https:\/\/medicaloutfitters.com\/es\/#\/schema\/logo\/image\/"},"sameAs":["https:\/\/www.facebook.com\/medicaloutfitters","https:\/\/www.linkedin.com\/company\/medical-outfitters-inc","https:\/\/www.instagram.com\/medicaloutfitters"]}]}},"_links":{"self":[{"href":"https:\/\/medicaloutfitters.com\/es\/wp-json\/wp\/v2\/product\/1711","targetHints":{"allow":["GET"]}}],"collection":[{"href":"https:\/\/medicaloutfitters.com\/es\/wp-json\/wp\/v2\/product"}],"about":[{"href":"https:\/\/medicaloutfitters.com\/es\/wp-json\/wp\/v2\/types\/product"}],"replies":[{"embeddable":true,"href":"https:\/\/medicaloutfitters.com\/es\/wp-json\/wp\/v2\/comments?post=1711"}],"wp:featuredmedia":[{"embeddable":true,"href":"https:\/\/medicaloutfitters.com\/es\/wp-json\/wp\/v2\/media\/1710"}],"wp:attachment":[{"href":"https:\/\/medicaloutfitters.com\/es\/wp-json\/wp\/v2\/media?parent=1711"}],"wp:term":[{"taxonomy":"category","embeddable":true,"href":"https:\/\/medicaloutfitters.com\/es\/wp-json\/wp\/v2\/categories?post=1711"},{"taxonomy":"product_brand","embeddable":true,"href":"https:\/\/medicaloutfitters.com\/es\/wp-json\/wp\/v2\/product_brand?post=1711"},{"taxonomy":"product_cat","embeddable":true,"href":"https:\/\/medicaloutfitters.com\/es\/wp-json\/wp\/v2\/product_cat?post=1711"},{"taxonomy":"product_tag","embeddable":true,"href":"https:\/\/medicaloutfitters.com\/es\/wp-json\/wp\/v2\/product_tag?post=1711"},{"taxonomy":"product_specialty","embeddable":true,"href":"https:\/\/medicaloutfitters.com\/es\/wp-json\/wp\/v2\/product_specialty?post=1711"},{"taxonomy":"product_region","embeddable":true,"href":"https:\/\/medicaloutfitters.com\/es\/wp-json\/wp\/v2\/product_region?post=1711"}],"curies":[{"name":"wp","href":"https:\/\/api.w.org\/{rel}","templated":true}]}}